{"id":24,"date":"2025-08-17T12:42:48","date_gmt":"2025-08-17T10:42:48","guid":{"rendered":"https:\/\/www.digitalarkitektur.se\/kontakt\/"},"modified":"2025-10-24T02:43:20","modified_gmt":"2025-10-24T00:43:20","slug":"kontakt","status":"publish","type":"page","link":"https:\/\/digitalarkitektur.se\/sv\/start\/kontakt\/","title":{"rendered":"Kontakt"},"content":{"rendered":"\n<div class=\"wp-block-group alignfull has-background-background-color has-background has-global-padding is-layout-constrained wp-container-core-group-is-layout-7276a2bb wp-block-group-is-layout-constrained\" id=\"kontakt\" style=\"margin-top:0;margin-bottom:0;padding-top:var(--wp--preset--spacing--60);padding-right:var(--wp--preset--spacing--30);padding-bottom:var(--wp--preset--spacing--60);padding-left:var(--wp--preset--spacing--30)\">\n<div class=\"wp-block-columns alignwide is-layout-flex wp-container-core-columns-is-layout-fa584acd wp-block-columns-is-layout-flex\">\n<div class=\"wp-block-column is-layout-flow wp-block-column-is-layout-flow\" style=\"flex-basis:50%\">\n<div class=\"wp-block-group has-global-padding is-layout-constrained wp-block-group-is-layout-constrained\" style=\"margin-bottom:var(--wp--preset--spacing--40)\">\n<h2 class=\"wp-block-heading has-large-font-size\">Skapa framtidens l\u00f6sningar med digitala verktyg<\/h2>\n\n\n\n<p style=\"margin-top:1rem\">H\u00e4r hittar du v\u00e5ra kontaktuppgifter f\u00f6r snabb och tydlig dialog.<\/p>\n<\/div>\n\n\n<div class=\"wpforms-container wpforms-block wpforms-block-9afe8130-2d97-4b16-9810-df903f92a81c wpforms-render-modern\" id=\"wpforms-22\"><form id=\"wpforms-form-22\" class=\"wpforms-validate wpforms-form wpforms-ajax-form\" data-formid=\"22\" method=\"post\" enctype=\"multipart\/form-data\" action=\"\/sv\/wp-json\/wp\/v2\/pages\/24\" data-token=\"e8a4275bd5bf504daddc2eb5dc3e5c34\" data-token-time=\"1777128837\"><noscript class=\"wpforms-error-noscript\">Aktivera JavaScript i din webbl\u00e4sare f\u00f6r att fylla i formul\u00e4ret.<\/noscript><div id=\"wpforms-error-noscript\" style=\"display: none;\">Aktivera JavaScript i din webbl\u00e4sare f\u00f6r att fylla i formul\u00e4ret.<\/div><div class=\"wpforms-field-container\"><div id=\"wpforms-22-field_1-container\" class=\"wpforms-field wpforms-field-name\" data-field-id=\"1\"><label class=\"wpforms-field-label\" for=\"wpforms-22-field_1\">Namn <span class=\"wpforms-required-label\" aria-hidden=\"true\">*<\/span><\/label><input type=\"text\" id=\"wpforms-22-field_1\" class=\"wpforms-field-large wpforms-field-required\" name=\"wpforms[fields][1]\" aria-errormessage=\"wpforms-22-field_1-error\" required><\/div>\t\t<div id=\"wpforms-22-field_5-container\"\n\t\t\tclass=\"wpforms-field wpforms-field-text\"\n\t\t\tdata-field-type=\"text\"\n\t\t\tdata-field-id=\"5\"\n\t\t\t>\n\t\t\t<label class=\"wpforms-field-label\" for=\"wpforms-22-field_5\" >Namn \u00c4mne E-post<\/label>\n\t\t\t<input type=\"text\" id=\"wpforms-22-field_5\" class=\"wpforms-field-medium\" name=\"wpforms[fields][5]\" >\n\t\t<\/div>\n\t\t<div id=\"wpforms-22-field_2-container\" class=\"wpforms-field wpforms-field-email\" data-field-id=\"2\"><label class=\"wpforms-field-label\" for=\"wpforms-22-field_2\">E-post <span class=\"wpforms-required-label\" aria-hidden=\"true\">*<\/span><\/label><input type=\"email\" id=\"wpforms-22-field_2\" class=\"wpforms-field-large wpforms-field-required\" name=\"wpforms[fields][2]\" spellcheck=\"false\" aria-errormessage=\"wpforms-22-field_2-error\" required><\/div><div id=\"wpforms-22-field_3-container\" class=\"wpforms-field wpforms-field-text\" data-field-id=\"3\"><label class=\"wpforms-field-label\" for=\"wpforms-22-field_3\">\u00c4mne<\/label><input type=\"text\" id=\"wpforms-22-field_3\" class=\"wpforms-field-large\" name=\"wpforms[fields][3]\" aria-errormessage=\"wpforms-22-field_3-error\" ><\/div><div id=\"wpforms-22-field_4-container\" class=\"wpforms-field wpforms-field-textarea\" data-field-id=\"4\"><label class=\"wpforms-field-label\" for=\"wpforms-22-field_4\">Meddelande <span class=\"wpforms-required-label\" aria-hidden=\"true\">*<\/span><\/label><textarea id=\"wpforms-22-field_4\" class=\"wpforms-field-large wpforms-field-required\" name=\"wpforms[fields][4]\" aria-errormessage=\"wpforms-22-field_4-error\" required><\/textarea><\/div><script>\n\t\t\t\t( function() {\n\t\t\t\t\tconst style = document.createElement( 'style' );\n\t\t\t\t\tstyle.appendChild( document.createTextNode( '#wpforms-22-field_5-container { position: absolute !important; overflow: hidden !important; display: inline !important; height: 1px !important; width: 1px !important; z-index: -1000 !important; padding: 0 !important; } #wpforms-22-field_5-container input { visibility: hidden; } #wpforms-conversational-form-page #wpforms-22-field_5-container label { counter-increment: none; }' ) );\n\t\t\t\t\tdocument.head.appendChild( style );\n\t\t\t\t\tdocument.currentScript?.remove();\n\t\t\t\t} )();\n\t\t\t<\/script><\/div><!-- .wpforms-field-container --><div class=\"wpforms-recaptcha-container wpforms-is-recaptcha wpforms-is-recaptcha-type-v2\" ><div class=\"g-recaptcha\" data-sitekey=\"6LeILbcrAAAAAONNt0rEl7ieQ_X-58fOvERon1CR\"><\/div><input type=\"text\" name=\"g-recaptcha-hidden\" class=\"wpforms-recaptcha-hidden\" style=\"position:absolute!important;clip:rect(0,0,0,0)!important;height:1px!important;width:1px!important;border:0!important;overflow:hidden!important;padding:0!important;margin:0!important;\" data-rule-recaptcha=\"1\"><\/div><div class=\"wpforms-submit-container\" ><input type=\"hidden\" name=\"wpforms[id]\" value=\"22\"><input type=\"hidden\" name=\"page_title\" value=\"\"><input type=\"hidden\" name=\"page_url\" value=\"https:\/\/digitalarkitektur.se\/sv\/wp-json\/wp\/v2\/pages\/24\"><input type=\"hidden\" name=\"url_referer\" value=\"\"><button type=\"submit\" name=\"wpforms[submit]\" id=\"wpforms-submit-22\" class=\"wpforms-submit\" data-alt-text=\"Skickar \u2026\" data-submit-text=\"Skicka\" aria-live=\"assertive\" value=\"wpforms-submit\">Skicka<\/button><img loading=\"lazy\" decoding=\"async\" src=\"https:\/\/digitalarkitektur.se\/wp-content\/plugins\/wpforms-lite\/assets\/images\/submit-spin.svg\" class=\"wpforms-submit-spinner\" style=\"display: none;\" width=\"26\" height=\"26\" alt=\"Laddar\"><\/div><\/form><\/div>  <!-- .wpforms-container --><\/div>\n\n\n\n<div class=\"wp-block-column is-layout-flow wp-block-column-is-layout-flow\" style=\"flex-basis:50%\">\n<figure class=\"wp-block-image\"><img loading=\"lazy\" decoding=\"async\" width=\"1080\" height=\"1620\" src=\"https:\/\/digitalarkitektur.se\/wp-content\/uploads\/2025\/09\/image.jpg\" alt=\"\" class=\"wp-image-132\" style=\"aspect-ratio:3\/4;object-fit:cover\" srcset=\"https:\/\/digitalarkitektur.se\/wp-content\/uploads\/2025\/09\/image.jpg 1080w, https:\/\/digitalarkitektur.se\/wp-content\/uploads\/2025\/09\/image-200x300.jpg 200w, https:\/\/digitalarkitektur.se\/wp-content\/uploads\/2025\/09\/image-683x1024.jpg 683w, https:\/\/digitalarkitektur.se\/wp-content\/uploads\/2025\/09\/image-768x1152.jpg 768w, https:\/\/digitalarkitektur.se\/wp-content\/uploads\/2025\/09\/image-1024x1536.jpg 1024w\" sizes=\"auto, (max-width: 1080px) 100vw, 1080px\" \/><figcaption class=\"wp-element-caption\">#image_title<\/figcaption><\/figure>\n<\/div>\n<\/div>\n<\/div>\n\n\n\n<div class=\"wp-block-group alignfull has-tertiary-background-color has-background has-global-padding is-layout-constrained wp-container-core-group-is-layout-7276a2bb wp-block-group-is-layout-constrained\" id=\"vanliga-fragor\" style=\"margin-top:0;margin-bottom:0;padding-top:var(--wp--preset--spacing--60);padding-right:var(--wp--preset--spacing--30);padding-bottom:var(--wp--preset--spacing--60);padding-left:var(--wp--preset--spacing--30)\">\n<div class=\"wp-block-group alignwide is-vertical is-layout-flex wp-container-core-group-is-layout-fe9cc265 wp-block-group-is-layout-flex\">\n<div class=\"wp-block-group alignwide has-global-padding is-content-justification-center is-layout-constrained wp-block-group-is-layout-constrained\">\n<h2 class=\"wp-block-heading has-large-font-size\">Nycklarna till en effektiv digital informationsstruktur<\/h2>\n\n\n\n<p style=\"margin-top:16px\">H\u00e4r besvarar vi de vanligaste fr\u00e5gorna f\u00f6r att du snabbt ska hitta r\u00e4tt information.<\/p>\n<\/div>\n<\/div>\n\n\n\n<div class=\"wp-block-columns alignwide is-layout-flex wp-container-core-columns-is-layout-1da03c2a wp-block-columns-is-layout-flex\">\n<div class=\"wp-block-column is-layout-flow wp-block-column-is-layout-flow\">\n<div class=\"wp-block-group has-global-padding is-layout-constrained wp-block-group-is-layout-constrained\" style=\"border-bottom-color:var(--wp--preset--color--tertiary);border-bottom-width:1px;margin-top:0;padding-top:var(--wp--preset--spacing--30);padding-bottom:var(--wp--preset--spacing--30)\">\n<h4 class=\"wp-block-heading has-medium-font-size\">Vad inneb\u00e4r digital arkitektur och varf\u00f6r \u00e4r det viktigt?<\/h4>\n\n\n\n<p class=\"has-small-font-size\" style=\"margin-top:12px\">Digital arkitektur handlar om att strukturera information f\u00f6r \u00f6kad effektivitet och insikt.<\/p>\n<\/div>\n\n\n\n<div class=\"wp-block-group has-global-padding is-layout-constrained wp-block-group-is-layout-constrained\" style=\"border-bottom-color:var(--wp--preset--color--tertiary);border-bottom-width:1px;margin-top:0;padding-top:var(--wp--preset--spacing--30);padding-bottom:var(--wp--preset--spacing--30)\">\n<h4 class=\"wp-block-heading has-medium-font-size\">Hur kan digitala tvillingar f\u00f6rb\u00e4ttra mina processer?<\/h4>\n\n\n\n<p class=\"has-small-font-size\" style=\"margin-top:12px\">Digitala tvillingar skapar realistiska modeller som optimerar verksamhetens resultat.<\/p>\n<\/div>\n\n\n\n<div class=\"wp-block-group has-global-padding is-layout-constrained wp-block-group-is-layout-constrained\" style=\"border-bottom-color:var(--wp--preset--color--tertiary);border-bottom-width:1px;margin-top:0;padding-top:var(--wp--preset--spacing--30);padding-bottom:var(--wp--preset--spacing--30)\">\n<h4 class=\"wp-block-heading has-medium-font-size\">Vilka tj\u00e4nster erbjuder Digital Arkitektur?<\/h4>\n\n\n\n<p class=\"has-small-font-size\" style=\"margin-top:12px\">Vi erbjuder konsultation, utbildning och skr\u00e4ddarsydda l\u00f6sningar inom digital arkitektur.<\/p>\n<\/div>\n\n\n\n<div class=\"wp-block-group has-global-padding is-layout-constrained wp-block-group-is-layout-constrained\" style=\"margin-top:0;padding-top:var(--wp--preset--spacing--30);padding-bottom:0\">\n<h4 class=\"wp-block-heading has-medium-font-size\">Hur kan jag komma i kontakt med er?<\/h4>\n\n\n\n<p class=\"has-small-font-size\" style=\"margin-top:12px\">Du n\u00e5r oss enkelt via v\u00e5rt kontaktformul\u00e4r eller p\u00e5 e-post.<\/p>\n<\/div>\n<\/div>\n\n\n\n<div class=\"wp-block-column is-layout-flow wp-block-column-is-layout-flow\">\n<figure class=\"wp-block-image\"><img loading=\"lazy\" decoding=\"async\" width=\"1440\" height=\"960\" class=\"wp-image-181\" src=\"https:\/\/digitalarkitektur.se\/wp-content\/uploads\/2025\/10\/507487c060977e5ba550c441b37afed19974eb1a.jpg\" alt=\"\" style=\"aspect-ratio:1;object-fit:cover\" srcset=\"https:\/\/digitalarkitektur.se\/wp-content\/uploads\/2025\/10\/507487c060977e5ba550c441b37afed19974eb1a.jpg 1440w, https:\/\/digitalarkitektur.se\/wp-content\/uploads\/2025\/10\/507487c060977e5ba550c441b37afed19974eb1a-300x200.jpg 300w, https:\/\/digitalarkitektur.se\/wp-content\/uploads\/2025\/10\/507487c060977e5ba550c441b37afed19974eb1a-1024x683.jpg 1024w, https:\/\/digitalarkitektur.se\/wp-content\/uploads\/2025\/10\/507487c060977e5ba550c441b37afed19974eb1a-768x512.jpg 768w, https:\/\/digitalarkitektur.se\/wp-content\/uploads\/2025\/10\/507487c060977e5ba550c441b37afed19974eb1a-18x12.jpg 18w\" sizes=\"auto, (max-width: 1440px) 100vw, 1440px\" \/><\/figure>\n<\/div>\n<\/div>\n<\/div>\n","protected":false},"excerpt":{"rendered":"<p>Skapa framtidens l\u00f6sningar med digitala verktyg H\u00e4r hittar du v\u00e5ra kontaktuppgifter f\u00f6r snabb och tydlig dialog. Nycklarna till en effektiv digital informationsstruktur H\u00e4r besvarar vi de vanligaste fr\u00e5gorna f\u00f6r att du snabbt ska hitta r\u00e4tt information. Vad inneb\u00e4r digital arkitektur och varf\u00f6r \u00e4r det viktigt? Digital arkitektur handlar om att strukturera information f\u00f6r \u00f6kad effektivitet [&hellip;]<\/p>\n","protected":false},"author":2,"featured_media":0,"parent":29,"menu_order":0,"comment_status":"closed","ping_status":"closed","template":"page-with-title","meta":{"om_disable_all_campaigns":false,"_monsterinsights_skip_tracking":false,"_monsterinsights_sitenote_active":false,"_monsterinsights_sitenote_note":"","_monsterinsights_sitenote_category":0,"footnotes":""},"class_list":["post-24","page","type-page","status-publish","hentry"],"aioseo_notices":[],"aioseo_head":"\n\t\t<!-- All in One SEO Pro 4.9.6.2 - aioseo.com -->\n\t<meta name=\"description\" content=\"Uppt\u00e4ck framtidens digitala l\u00f6sningar med v\u00e5ra verktyg. Kontakta oss p\u00e5 08-59252200 f\u00f6r en snabb, tydlig dialog om digital arkitektur och tvillingar.\" \/>\n\t<meta name=\"robots\" content=\"max-image-preview:large\" \/>\n\t<link rel=\"canonical\" href=\"https:\/\/digitalarkitektur.se\/sv\/start\/kontakt\/\" \/>\n\t<meta name=\"generator\" content=\"All in One SEO Pro (AIOSEO) 4.9.6.2\" \/>\n\t\t<meta property=\"og:locale\" content=\"sv_SE\" \/>\n\t\t<meta property=\"og:site_name\" content=\"Digital Arkitektur - Vi designar din digitala verklighet\" \/>\n\t\t<meta property=\"og:type\" content=\"article\" \/>\n\t\t<meta property=\"og:title\" content=\"Kontakta Digital Arkitektur\" \/>\n\t\t<meta property=\"og:description\" content=\"Uppt\u00e4ck framtidens digitala l\u00f6sningar med v\u00e5ra verktyg. Kontakta oss p\u00e5 08-59252200 f\u00f6r en snabb, tydlig dialog om digital arkitektur och tvillingar.\" \/>\n\t\t<meta property=\"og:url\" content=\"https:\/\/digitalarkitektur.se\/sv\/start\/kontakt\/\" \/>\n\t\t<meta property=\"article:published_time\" content=\"2025-08-17T10:42:48+00:00\" \/>\n\t\t<meta property=\"article:modified_time\" content=\"2025-10-24T00:43:20+00:00\" \/>\n\t\t<meta name=\"twitter:card\" content=\"summary_large_image\" \/>\n\t\t<meta name=\"twitter:title\" content=\"Kontakta Digital Arkitektur\" \/>\n\t\t<meta name=\"twitter:description\" content=\"Uppt\u00e4ck framtidens digitala l\u00f6sningar med v\u00e5ra verktyg. Kontakta oss p\u00e5 08-59252200 f\u00f6r en snabb, tydlig dialog om digital arkitektur och tvillingar.\" \/>\n\t\t<script type=\"application\/ld+json\" class=\"aioseo-schema\">\n\t\t\t{\"@context\":\"https:\\\/\\\/schema.org\",\"@graph\":[{\"@type\":\"BreadcrumbList\",\"@id\":\"https:\\\/\\\/digitalarkitektur.se\\\/sv\\\/start\\\/kontakt\\\/#breadcrumblist\",\"itemListElement\":[{\"@type\":\"ListItem\",\"@id\":\"https:\\\/\\\/digitalarkitektur.se\\\/sv#listItem\",\"position\":1,\"name\":\"Home\",\"item\":\"https:\\\/\\\/digitalarkitektur.se\\\/sv\",\"nextItem\":{\"@type\":\"ListItem\",\"@id\":\"https:\\\/\\\/digitalarkitektur.se\\\/sv\\\/start\\\/kontakt\\\/#listItem\",\"name\":\"Kontakt\"}},{\"@type\":\"ListItem\",\"@id\":\"https:\\\/\\\/digitalarkitektur.se\\\/sv\\\/start\\\/kontakt\\\/#listItem\",\"position\":2,\"name\":\"Kontakt\",\"previousItem\":{\"@type\":\"ListItem\",\"@id\":\"https:\\\/\\\/digitalarkitektur.se\\\/sv#listItem\",\"name\":\"Home\"}}]},{\"@type\":\"Organization\",\"@id\":\"https:\\\/\\\/digitalarkitektur.se\\\/sv\\\/#organization\",\"name\":\"Digital Arkitektur\",\"description\":\"Vi designar din digitala verklighet\",\"url\":\"https:\\\/\\\/digitalarkitektur.se\\\/sv\\\/\",\"email\":\"info@digitalarkitektur.se\",\"telephone\":\"+46859252200\",\"address\":{\"@id\":\"https:\\\/\\\/digitalarkitektur.se\\\/sv\\\/#postaladdress\",\"@type\":\"PostalAddress\",\"streetAddress\":\"V\\u00e4stra J\\u00e4rnv\\u00e4gsgatan 3, 9tr,\",\"postalCode\":\"11164\",\"addressLocality\":\"Stockholm\",\"addressCountry\":\"SE\"}},{\"@type\":\"WebPage\",\"@id\":\"https:\\\/\\\/digitalarkitektur.se\\\/sv\\\/start\\\/kontakt\\\/#webpage\",\"url\":\"https:\\\/\\\/digitalarkitektur.se\\\/sv\\\/start\\\/kontakt\\\/\",\"name\":\"Kontakta Digital Arkitektur\",\"description\":\"Uppt\\u00e4ck framtidens digitala l\\u00f6sningar med v\\u00e5ra verktyg. Kontakta oss p\\u00e5 08-59252200 f\\u00f6r en snabb, tydlig dialog om digital arkitektur och tvillingar.\",\"inLanguage\":\"sv-SE\",\"isPartOf\":{\"@id\":\"https:\\\/\\\/digitalarkitektur.se\\\/sv\\\/#website\"},\"breadcrumb\":{\"@id\":\"https:\\\/\\\/digitalarkitektur.se\\\/sv\\\/start\\\/kontakt\\\/#breadcrumblist\"},\"datePublished\":\"2025-08-17T12:42:48+02:00\",\"dateModified\":\"2025-10-24T02:43:20+02:00\"},{\"@type\":\"WebSite\",\"@id\":\"https:\\\/\\\/digitalarkitektur.se\\\/sv\\\/#website\",\"url\":\"https:\\\/\\\/digitalarkitektur.se\\\/sv\\\/\",\"name\":\"Digital Arkitektur\",\"description\":\"Vi designar din digitala verklighet\",\"inLanguage\":\"sv-SE\",\"publisher\":{\"@id\":\"https:\\\/\\\/digitalarkitektur.se\\\/sv\\\/#organization\"}}]}\n\t\t<\/script>\n\t\t<!-- All in One SEO Pro -->\r\n\t\t<title>Kontakta Digital Arkitektur<\/title>\n\n","aioseo_head_json":{"title":"Kontakta Digital Arkitektur","description":"Uppt\u00e4ck framtidens digitala l\u00f6sningar med v\u00e5ra verktyg. Kontakta oss p\u00e5 08-59252200 f\u00f6r en snabb, tydlig dialog om digital arkitektur och tvillingar.","canonical_url":"https:\/\/digitalarkitektur.se\/sv\/start\/kontakt\/","robots":"max-image-preview:large","keywords":"","webmasterTools":{"miscellaneous":""},"schema":{"@context":"https:\/\/schema.org","@graph":[{"@type":"BreadcrumbList","@id":"https:\/\/digitalarkitektur.se\/sv\/start\/kontakt\/#breadcrumblist","itemListElement":[{"@type":"ListItem","@id":"https:\/\/digitalarkitektur.se\/sv#listItem","position":1,"name":"Home","item":"https:\/\/digitalarkitektur.se\/sv","nextItem":{"@type":"ListItem","@id":"https:\/\/digitalarkitektur.se\/sv\/start\/kontakt\/#listItem","name":"Kontakt"}},{"@type":"ListItem","@id":"https:\/\/digitalarkitektur.se\/sv\/start\/kontakt\/#listItem","position":2,"name":"Kontakt","previousItem":{"@type":"ListItem","@id":"https:\/\/digitalarkitektur.se\/sv#listItem","name":"Home"}}]},{"@type":"Organization","@id":"https:\/\/digitalarkitektur.se\/sv\/#organization","name":"Digital Arkitektur","description":"Vi designar din digitala verklighet","url":"https:\/\/digitalarkitektur.se\/sv\/","email":"info@digitalarkitektur.se","telephone":"+46859252200","address":{"@id":"https:\/\/digitalarkitektur.se\/sv\/#postaladdress","@type":"PostalAddress","streetAddress":"V\u00e4stra J\u00e4rnv\u00e4gsgatan 3, 9tr,","postalCode":"11164","addressLocality":"Stockholm","addressCountry":"SE"}},{"@type":"WebPage","@id":"https:\/\/digitalarkitektur.se\/sv\/start\/kontakt\/#webpage","url":"https:\/\/digitalarkitektur.se\/sv\/start\/kontakt\/","name":"Kontakta Digital Arkitektur","description":"Uppt\u00e4ck framtidens digitala l\u00f6sningar med v\u00e5ra verktyg. Kontakta oss p\u00e5 08-59252200 f\u00f6r en snabb, tydlig dialog om digital arkitektur och tvillingar.","inLanguage":"sv-SE","isPartOf":{"@id":"https:\/\/digitalarkitektur.se\/sv\/#website"},"breadcrumb":{"@id":"https:\/\/digitalarkitektur.se\/sv\/start\/kontakt\/#breadcrumblist"},"datePublished":"2025-08-17T12:42:48+02:00","dateModified":"2025-10-24T02:43:20+02:00"},{"@type":"WebSite","@id":"https:\/\/digitalarkitektur.se\/sv\/#website","url":"https:\/\/digitalarkitektur.se\/sv\/","name":"Digital Arkitektur","description":"Vi designar din digitala verklighet","inLanguage":"sv-SE","publisher":{"@id":"https:\/\/digitalarkitektur.se\/sv\/#organization"}}]},"og:locale":"sv_SE","og:site_name":"Digital Arkitektur - Vi designar din digitala verklighet","og:type":"article","og:title":"Kontakta Digital Arkitektur","og:description":"Uppt\u00e4ck framtidens digitala l\u00f6sningar med v\u00e5ra verktyg. Kontakta oss p\u00e5 08-59252200 f\u00f6r en snabb, tydlig dialog om digital arkitektur och tvillingar.","og:url":"https:\/\/digitalarkitektur.se\/sv\/start\/kontakt\/","article:published_time":"2025-08-17T10:42:48+00:00","article:modified_time":"2025-10-24T00:43:20+00:00","twitter:card":"summary_large_image","twitter:title":"Kontakta Digital Arkitektur","twitter:description":"Uppt\u00e4ck framtidens digitala l\u00f6sningar med v\u00e5ra verktyg. Kontakta oss p\u00e5 08-59252200 f\u00f6r en snabb, tydlig dialog om digital arkitektur och tvillingar."},"aioseo_meta_data":{"post_id":"24","title":"Kontakta Digital Arkitektur","description":"Uppt\u00e4ck framtidens digitala l\u00f6sningar med v\u00e5ra verktyg. Kontakta oss p\u00e5 08-59252200 f\u00f6r en snabb, tydlig dialog om digital arkitektur och tvillingar.","keywords":null,"keyphrases":{"focus":{"keyphrase":"","score":0,"analysis":{"keyphraseInTitle":{"score":0,"maxScore":9,"error":1}}},"additional":[]},"primary_term":null,"canonical_url":null,"og_title":null,"og_description":null,"og_object_type":"default","og_image_type":"default","og_image_url":null,"og_image_width":null,"og_image_height":null,"og_image_custom_url":null,"og_image_custom_fields":null,"og_video":"","og_custom_url":null,"og_article_section":null,"og_article_tags":null,"twitter_use_og":false,"twitter_card":"default","twitter_image_type":"default","twitter_image_url":null,"twitter_image_custom_url":null,"twitter_image_custom_fields":null,"twitter_title":null,"twitter_description":null,"schema":{"blockGraphs":[],"customGraphs":[],"default":{"data":{"Article":[],"Course":[],"Dataset":[],"FAQPage":[],"Movie":[],"Person":[],"Product":[],"ProductReview":[],"Car":[],"Recipe":[],"Service":[],"SoftwareApplication":[],"WebPage":[]},"graphName":"WebPage","isEnabled":true},"graphs":[]},"schema_type":"default","schema_type_options":null,"pillar_content":false,"robots_default":true,"robots_noindex":false,"robots_noarchive":false,"robots_nosnippet":false,"robots_nofollow":false,"robots_noimageindex":false,"robots_noodp":false,"robots_notranslate":false,"robots_max_snippet":"-1","robots_max_videopreview":"-1","robots_max_imagepreview":"large","priority":null,"frequency":"default","local_seo":null,"seo_analyzer_scan_date":"2025-10-24 01:06:27","breadcrumb_settings":null,"limit_modified_date":false,"reviewed_by":"0","open_ai":null,"ai":{"faqs":[],"keyPoints":[],"titles":[],"descriptions":["Uppt\u00e4ck framtidens digitala l\u00f6sningar med v\u00e5ra verktyg. Kontakta oss f\u00f6r en snabb, tydlig dialog om digital arkitektur och tvillingar.","F\u00e5 svar p\u00e5 vanliga fr\u00e5gor om digital informationsstruktur och l\u00e4r dig varf\u00f6r digital arkitektur \u00e4r avg\u00f6rande f\u00f6r effektivitet. Kontakta oss idag.","F\u00f6rb\u00e4ttra dina processer med digitala tvillingar och skr\u00e4ddarsydda l\u00f6sningar. Ta kontakt via v\u00e5rt formul\u00e4r eller e-post f\u00f6r expertv\u00e4gledning.","V\u00e5r expertis inom digital arkitektur omfattar konsultation, utbildning och anpassade l\u00f6sningar. Kontakta oss f\u00f6r att inleda din digitala transformation.","Letar du efter klara svar om digital arkitektur? Vi erbjuder tydlig v\u00e4gledning, kontaktuppgifter och effektiva verktyg f\u00f6r framtidens l\u00f6sningar."],"socialPosts":{"email":[],"linkedin":[],"twitter":[],"facebook":[],"instagram":[]}},"created":"2025-08-17 10:46:19","updated":"2025-10-24 02:14:15"},"aioseo_breadcrumb":"<div class=\"aioseo-breadcrumbs\"><span class=\"aioseo-breadcrumb\">\n\t<a href=\"https:\/\/digitalarkitektur.se\/sv\" title=\"Home\">Home<\/a>\n<\/span><span class=\"aioseo-breadcrumb-separator\">&raquo;<\/span><span class=\"aioseo-breadcrumb\">\n\tKontakt\n<\/span><\/div>","aioseo_breadcrumb_json":[{"label":"Home","link":"https:\/\/digitalarkitektur.se\/sv"},{"label":"Kontakt","link":"https:\/\/digitalarkitektur.se\/sv\/start\/kontakt\/"}],"_links":{"self":[{"href":"https:\/\/digitalarkitektur.se\/sv\/wp-json\/wp\/v2\/pages\/24","targetHints":{"allow":["GET"]}}],"collection":[{"href":"https:\/\/digitalarkitektur.se\/sv\/wp-json\/wp\/v2\/pages"}],"about":[{"href":"https:\/\/digitalarkitektur.se\/sv\/wp-json\/wp\/v2\/types\/page"}],"author":[{"embeddable":true,"href":"https:\/\/digitalarkitektur.se\/sv\/wp-json\/wp\/v2\/users\/2"}],"replies":[{"embeddable":true,"href":"https:\/\/digitalarkitektur.se\/sv\/wp-json\/wp\/v2\/comments?post=24"}],"version-history":[{"count":2,"href":"https:\/\/digitalarkitektur.se\/sv\/wp-json\/wp\/v2\/pages\/24\/revisions"}],"predecessor-version":[{"id":182,"href":"https:\/\/digitalarkitektur.se\/sv\/wp-json\/wp\/v2\/pages\/24\/revisions\/182"}],"up":[{"embeddable":true,"href":"https:\/\/digitalarkitektur.se\/sv\/wp-json\/wp\/v2\/pages\/29"}],"wp:attachment":[{"href":"https:\/\/digitalarkitektur.se\/sv\/wp-json\/wp\/v2\/media?parent=24"}],"curies":[{"name":"wp","href":"https:\/\/api.w.org\/{rel}","templated":true}]}}