{"id":27,"date":"2025-08-17T12:42:49","date_gmt":"2025-08-17T10:42:49","guid":{"rendered":"https:\/\/www.digitalarkitektur.se\/tjanster\/"},"modified":"2025-10-24T02:43:34","modified_gmt":"2025-10-24T00:43:34","slug":"tjanster","status":"publish","type":"page","link":"https:\/\/digitalarkitektur.se\/sv\/start\/tjanster\/","title":{"rendered":"Tj\u00e4nster"},"content":{"rendered":"\n<div class=\"wp-block-group alignfull has-background-background-color has-background has-global-padding is-layout-constrained wp-container-core-group-is-layout-7276a2bb wp-block-group-is-layout-constrained\" id=\"tjanster\" style=\"margin-top:0;margin-bottom:0;padding-top:var(--wp--preset--spacing--60);padding-right:var(--wp--preset--spacing--30);padding-bottom:var(--wp--preset--spacing--60);padding-left:var(--wp--preset--spacing--30)\">\n<div class=\"wp-block-group alignwide is-vertical is-layout-flex wp-container-core-group-is-layout-fe9cc265 wp-block-group-is-layout-flex\">\n<div class=\"wp-block-group has-global-padding is-layout-constrained wp-block-group-is-layout-constrained\">\n<h2 class=\"wp-block-heading has-large-font-size\">Optimering med digitala tvillingar<\/h2>\n\n\n\n<p style=\"margin-top:16px\">H\u00e4r presenterar vi v\u00e5rt breda tj\u00e4nsteutbud med fokus p\u00e5 innovativa l\u00f6sningar och kundf\u00f6rtroende.<\/p>\n<\/div>\n<\/div>\n\n\n\n<div class=\"wp-block-columns alignwide is-layout-flex wp-container-core-columns-is-layout-28f84493 wp-block-columns-is-layout-flex\">\n<div class=\"wp-block-column has-tertiary-background-color has-background is-layout-flow wp-block-column-is-layout-flow\" style=\"padding-top:1.5rem;padding-right:1.5rem;padding-bottom:1.5rem;padding-left:1.5rem\">\n<h3 class=\"wp-block-heading\" style=\"font-size:clamp(14px, 0.875rem + ((1vw - 3.2px) * 0.625), 20px);line-height:1.5\">Informationsarkitektur<\/h3>\n\n\n\n<p class=\"has-small-font-size\" style=\"margin-top:8px\">Vi analyserar och designar din digitala struktur f\u00f6r smidigare informationsfl\u00f6de.<\/p>\n<\/div>\n\n\n\n<div class=\"wp-block-column has-tertiary-background-color has-background is-layout-flow wp-block-column-is-layout-flow\" style=\"padding-top:1.5rem;padding-right:1.5rem;padding-bottom:1.5rem;padding-left:1.5rem\">\n<h3 class=\"wp-block-heading\" style=\"font-size:clamp(14px, 0.875rem + ((1vw - 3.2px) * 0.625), 20px);line-height:1.5\">Digitala tvillingar<\/h3>\n\n\n\n<p class=\"has-small-font-size\" style=\"margin-top:8px\">Skapa realistiska digitala kopior f\u00f6r b\u00e4ttre beslutsfattande och effektivitet.<\/p>\n<\/div>\n\n\n\n<div class=\"wp-block-column has-tertiary-background-color has-background is-layout-flow wp-block-column-is-layout-flow\" style=\"padding-top:1.5rem;padding-right:1.5rem;padding-bottom:1.5rem;padding-left:1.5rem\">\n<h3 class=\"wp-block-heading\" style=\"font-size:clamp(14px, 0.875rem + ((1vw - 3.2px) * 0.625), 20px);line-height:1.5\">Konsultation &amp; Support<\/h3>\n\n\n\n<p class=\"has-small-font-size\" style=\"margin-top:8px\">Vi erbjuder expertr\u00e5dgivning f\u00f6r att s\u00e4kerst\u00e4lla att dina digitala l\u00f6sningar fungerar optimalt.<\/p>\n<\/div>\n<\/div>\n<\/div>\n\n\n\n<div class=\"wp-block-group alignfull has-tertiary-background-color has-background has-global-padding is-layout-constrained wp-container-core-group-is-layout-fb85e995 wp-block-group-is-layout-constrained\" style=\"margin-top:0;margin-bottom:0;padding-top:var(--wp--preset--spacing--60);padding-right:var(--wp--preset--spacing--30);padding-bottom:var(--wp--preset--spacing--60);padding-left:var(--wp--preset--spacing--30)\">\n<div class=\"wp-block-columns alignwide is-layout-flex wp-container-core-columns-is-layout-cbe57604 wp-block-columns-is-layout-flex\">\n<div class=\"wp-block-column is-layout-flow wp-block-column-is-layout-flow\">\n<div class=\"wp-block-group alignwide has-global-padding is-content-justification-left is-layout-constrained wp-container-core-group-is-layout-3c97d49d wp-block-group-is-layout-constrained\" style=\"margin-bottom:var(--wp--preset--spacing--50)\">\n<h2 class=\"wp-block-heading has-large-font-size\">Skapa v\u00e4rde med innovativa digitala l\u00f6sningar<\/h2>\n\n\n\n<p style=\"margin-top:16px\">H\u00e4r presenterar vi k\u00e4rnan i digital arkitektur och hur v\u00e5ra tj\u00e4nster skapar effekt och insikt f\u00f6r ditt f\u00f6retag.<\/p>\n<\/div>\n\n\n\n<div class=\"wp-block-group is-nowrap is-layout-flex wp-container-core-group-is-layout-501511a6 wp-block-group-is-layout-flex\">\n<figure class=\"wp-block-image size-large ext-aspect-landscape wp-duotone-primary-foreground\"><img decoding=\"async\" src=\"data:image\/svg+xml;base64,PHN2ZyB4bWxucz0iaHR0cDovL3d3dy53My5vcmcvMjAwMC9zdmciIHdpZHRoPSI0OCIgaGVpZ2h0PSI0OCIgZmlsbD0ibm9uZSIgdmlld0JveD0iMCAwIDQ4IDQ4Ij48bWFzayBpZD0iYSIgd2lkdGg9IjQ4IiBoZWlnaHQ9IjQ4IiB4PSIwIiB5PSIwIiBtYXNrVW5pdHM9InVzZXJTcGFjZU9uVXNlIiBzdHlsZT0ibWFzay10eXBlOmFscGhhIj48cGF0aCBmaWxsPSIjRDlEOUQ5IiBkPSJNMCAwaDQ4djQ4SDB6Ii8+PC9tYXNrPjxnIG1hc2s9InVybCgjYSkiPjxwYXRoIGZpbGw9IiMxQzFCMUYiIGQ9Ik0yNCA0NGMtMi44MzMgMC01LjQ2Ny0uNTA4LTcuOS0xLjUyNS0yLjQzMy0xLjAxNy00LjU1LTIuNDI1LTYuMzUtNC4yMjUtMS44LTEuOC0zLjIwOC0zLjkxNy00LjIyNS02LjM1QzQuNTA4IDI5LjQ2NyA0IDI2LjgzMyA0IDI0YzAtMi44LjUwOC01LjQxNyAxLjUyNS03Ljg1UzcuOTUgMTEuNiA5Ljc1IDkuOGMxLjgtMS44IDMuOTE3LTMuMjE3IDYuMzUtNC4yNVMyMS4xNjcgNCAyNCA0YzIuNSAwIDQuODMzLjQgNyAxLjIgMi4xNjcuOCA0LjExNyAxLjkgNS44NSAzLjNsLTIuMTUgMi4xNWExNi43MzIgMTYuNzMyIDAgMCAwLTQuOS0yLjdDMjggNy4zMTcgMjYuMDY3IDcgMjQgN2MtNC44MzMgMC04Ljg3NSAxLjYyNS0xMi4xMjUgNC44NzVTNyAxOS4xNjcgNyAyNHMxLjYyNSA4Ljg3NSA0Ljg3NSAxMi4xMjVTMTkuMTY3IDQxIDI0IDQxczguODc1LTEuNjI1IDEyLjEyNS00Ljg3NVM0MSAyOC44MzMgNDEgMjRjMC0xLS4wNzUtMS45NzUtLjIyNS0yLjkyNS0uMTUtLjk1LS4zNzUtMS44NzUtLjY3NS0yLjc3NWwyLjMtMi4zYTE5LjEyMiAxOS4xMjIgMCAwIDEgMS4yIDMuODVjLjI2NyAxLjMzMy40IDIuNzE3LjQgNC4xNSAwIDIuODMzLS41MTcgNS40NjctMS41NSA3LjktMS4wMzMgMi40MzMtMi40NSA0LjU1LTQuMjUgNi4zNS0xLjggMS44LTMuOTE3IDMuMjA4LTYuMzUgNC4yMjVDMjkuNDE3IDQzLjQ5MiAyNi44IDQ0IDI0IDQ0Wm0tMi45NS0xMC45LTguMjUtOC4zIDIuMjUtMi4yNSA2IDYgMjAuNy0yMC43IDIuMyAyLjI1LTIzIDIzWiIvPjwvZz48L3N2Zz4=\" alt=\"\" style=\"object-fit:cover\"\/><\/figure>\n\n\n\n<div class=\"wp-block-group wp-container-content-958eb9dc has-global-padding is-layout-constrained wp-block-group-is-layout-constrained\">\n<h3 class=\"wp-block-heading\" style=\"font-size:clamp(14px, 0.875rem + ((1vw - 3.2px) * 0.625), 20px);line-height:1.5\">Expertis inom digital tvilling-teknik<\/h3>\n\n\n\n<p class=\"has-small-font-size\" style=\"margin-top:4px\">Vi erbjuder djupg\u00e5ende kunskap om digitala tvillingar, vilket hj\u00e4lper er att optimera processer och fatta b\u00e4ttre beslut genom realistiska simuleringar.<\/p>\n<\/div>\n<\/div>\n\n\n\n<div class=\"wp-block-group is-nowrap is-layout-flex wp-container-core-group-is-layout-501511a6 wp-block-group-is-layout-flex\">\n<figure class=\"wp-block-image size-large ext-aspect-landscape wp-duotone-primary-foreground\"><img decoding=\"async\" src=\"data:image\/svg+xml;base64,PHN2ZyB4bWxucz0iaHR0cDovL3d3dy53My5vcmcvMjAwMC9zdmciIHdpZHRoPSI0OCIgaGVpZ2h0PSI0OCIgZmlsbD0ibm9uZSIgdmlld0JveD0iMCAwIDQ4IDQ4Ij48bWFzayBpZD0iYSIgd2lkdGg9IjQ4IiBoZWlnaHQ9IjQ4IiB4PSIwIiB5PSIwIiBtYXNrVW5pdHM9InVzZXJTcGFjZU9uVXNlIiBzdHlsZT0ibWFzay10eXBlOmFscGhhIj48cGF0aCBmaWxsPSIjRDlEOUQ5IiBkPSJNMCAwaDQ4djQ4SDB6Ii8+PC9tYXNrPjxnIG1hc2s9InVybCgjYSkiPjxwYXRoIGZpbGw9IiMxQzFCMUYiIGQ9Ik0yNCA0NGMtMi44MzMgMC01LjQ2Ny0uNTA4LTcuOS0xLjUyNS0yLjQzMy0xLjAxNy00LjU1LTIuNDI1LTYuMzUtNC4yMjUtMS44LTEuOC0zLjIwOC0zLjkxNy00LjIyNS02LjM1QzQuNTA4IDI5LjQ2NyA0IDI2LjgzMyA0IDI0YzAtMi44LjUwOC01LjQxNyAxLjUyNS03Ljg1UzcuOTUgMTEuNiA5Ljc1IDkuOGMxLjgtMS44IDMuOTE3LTMuMjE3IDYuMzUtNC4yNVMyMS4xNjcgNCAyNCA0YzIuNSAwIDQuODMzLjQgNyAxLjIgMi4xNjcuOCA0LjExNyAxLjkgNS44NSAzLjNsLTIuMTUgMi4xNWExNi43MzIgMTYuNzMyIDAgMCAwLTQuOS0yLjdDMjggNy4zMTcgMjYuMDY3IDcgMjQgN2MtNC44MzMgMC04Ljg3NSAxLjYyNS0xMi4xMjUgNC44NzVTNyAxOS4xNjcgNyAyNHMxLjYyNSA4Ljg3NSA0Ljg3NSAxMi4xMjVTMTkuMTY3IDQxIDI0IDQxczguODc1LTEuNjI1IDEyLjEyNS00Ljg3NVM0MSAyOC44MzMgNDEgMjRjMC0xLS4wNzUtMS45NzUtLjIyNS0yLjkyNS0uMTUtLjk1LS4zNzUtMS44NzUtLjY3NS0yLjc3NWwyLjMtMi4zYTE5LjEyMiAxOS4xMjIgMCAwIDEgMS4yIDMuODVjLjI2NyAxLjMzMy40IDIuNzE3LjQgNC4xNSAwIDIuODMzLS41MTcgNS40NjctMS41NSA3LjktMS4wMzMgMi40MzMtMi40NSA0LjU1LTQuMjUgNi4zNS0xLjggMS44LTMuOTE3IDMuMjA4LTYuMzUgNC4yMjVDMjkuNDE3IDQzLjQ5MiAyNi44IDQ0IDI0IDQ0Wm0tMi45NS0xMC45LTguMjUtOC4zIDIuMjUtMi4yNSA2IDYgMjAuNy0yMC43IDIuMyAyLjI1LTIzIDIzWiIvPjwvZz48L3N2Zz4=\" alt=\"\" style=\"object-fit:cover\"\/><\/figure>\n\n\n\n<div class=\"wp-block-group wp-container-content-958eb9dc has-global-padding is-layout-constrained wp-block-group-is-layout-constrained\">\n<h3 class=\"wp-block-heading\" style=\"font-size:clamp(14px, 0.875rem + ((1vw - 3.2px) * 0.625), 20px);line-height:1.5\">Skr\u00e4ddarsydd informationsarkitektur<\/h3>\n\n\n\n<p class=\"has-small-font-size\" style=\"margin-top:4px\">V\u00e5ra l\u00f6sningar anpassas efter era behov f\u00f6r att strukturera data effektivt och \u00f6ka verksamhetens transparens och kontroll.<\/p>\n<\/div>\n<\/div>\n\n\n\n<div class=\"wp-block-group is-nowrap is-layout-flex wp-container-core-group-is-layout-501511a6 wp-block-group-is-layout-flex\">\n<figure class=\"wp-block-image size-large ext-aspect-landscape wp-duotone-primary-foreground\"><img decoding=\"async\" src=\"data:image\/svg+xml;base64,PHN2ZyB4bWxucz0iaHR0cDovL3d3dy53My5vcmcvMjAwMC9zdmciIHdpZHRoPSI0OCIgaGVpZ2h0PSI0OCIgZmlsbD0ibm9uZSIgdmlld0JveD0iMCAwIDQ4IDQ4Ij48bWFzayBpZD0iYSIgd2lkdGg9IjQ4IiBoZWlnaHQ9IjQ4IiB4PSIwIiB5PSIwIiBtYXNrVW5pdHM9InVzZXJTcGFjZU9uVXNlIiBzdHlsZT0ibWFzay10eXBlOmFscGhhIj48cGF0aCBmaWxsPSIjRDlEOUQ5IiBkPSJNMCAwaDQ4djQ4SDB6Ii8+PC9tYXNrPjxnIG1hc2s9InVybCgjYSkiPjxwYXRoIGZpbGw9IiMxQzFCMUYiIGQ9Ik0yNCA0NGMtMi44MzMgMC01LjQ2Ny0uNTA4LTcuOS0xLjUyNS0yLjQzMy0xLjAxNy00LjU1LTIuNDI1LTYuMzUtNC4yMjUtMS44LTEuOC0zLjIwOC0zLjkxNy00LjIyNS02LjM1QzQuNTA4IDI5LjQ2NyA0IDI2LjgzMyA0IDI0YzAtMi44LjUwOC01LjQxNyAxLjUyNS03Ljg1UzcuOTUgMTEuNiA5Ljc1IDkuOGMxLjgtMS44IDMuOTE3LTMuMjE3IDYuMzUtNC4yNVMyMS4xNjcgNCAyNCA0YzIuNSAwIDQuODMzLjQgNyAxLjIgMi4xNjcuOCA0LjExNyAxLjkgNS44NSAzLjNsLTIuMTUgMi4xNWExNi43MzIgMTYuNzMyIDAgMCAwLTQuOS0yLjdDMjggNy4zMTcgMjYuMDY3IDcgMjQgN2MtNC44MzMgMC04Ljg3NSAxLjYyNS0xMi4xMjUgNC44NzVTNyAxOS4xNjcgNyAyNHMxLjYyNSA4Ljg3NSA0Ljg3NSAxMi4xMjVTMTkuMTY3IDQxIDI0IDQxczguODc1LTEuNjI1IDEyLjEyNS00Ljg3NVM0MSAyOC44MzMgNDEgMjRjMC0xLS4wNzUtMS45NzUtLjIyNS0yLjkyNS0uMTUtLjk1LS4zNzUtMS44NzUtLjY3NS0yLjc3NWwyLjMtMi4zYTE5LjEyMiAxOS4xMjIgMCAwIDEgMS4yIDMuODVjLjI2NyAxLjMzMy40IDIuNzE3LjQgNC4xNSAwIDIuODMzLS41MTcgNS40NjctMS41NSA3LjktMS4wMzMgMi40MzMtMi40NSA0LjU1LTQuMjUgNi4zNS0xLjggMS44LTMuOTE3IDMuMjA4LTYuMzUgNC4yMjVDMjkuNDE3IDQzLjQ5MiAyNi44IDQ0IDI0IDQ0Wm0tMi45NS0xMC45LTguMjUtOC4zIDIuMjUtMi4yNSA2IDYgMjAuNy0yMC43IDIuMyAyLjI1LTIzIDIzWiIvPjwvZz48L3N2Zz4=\" alt=\"\" style=\"object-fit:cover\"\/><\/figure>\n\n\n\n<div class=\"wp-block-group wp-container-content-958eb9dc has-global-padding is-layout-constrained wp-block-group-is-layout-constrained\">\n<h3 class=\"wp-block-heading\" style=\"font-size:clamp(14px, 0.875rem + ((1vw - 3.2px) * 0.625), 20px);line-height:1.5\">Konsulttj\u00e4nster f\u00f6r digital transformation<\/h3>\n\n\n\n<p class=\"has-small-font-size\" style=\"margin-top:4px\">Vi st\u00f6djer er i att navigera digitaliseringens m\u00f6jligheter och utmaningar, f\u00f6r att skapa l\u00e5ngsiktigt h\u00e5llbara och innovativa strategier.<\/p>\n<\/div>\n<\/div>\n\n\n\n<div class=\"wp-block-buttons is-content-justification-left is-layout-flex wp-container-core-buttons-is-layout-e71dbd94 wp-block-buttons-is-layout-flex\" style=\"margin-top:var(--wp--preset--spacing--50)\">\n<div class=\"wp-block-button has-custom-width wp-block-button__width-100\"><a class=\"wp-block-button__link wp-element-button\" href=\"https:\/\/www.digitalarkitektur.se\/resurser\">L\u00e4s mer<\/a><\/div>\n<\/div>\n<\/div>\n\n\n\n<div class=\"wp-block-column is-layout-flow wp-block-column-is-layout-flow\">\n<div class=\"wp-block-cover\" style=\"min-height:100%;aspect-ratio:unset;\"><img loading=\"lazy\" decoding=\"async\" width=\"1440\" height=\"764\" class=\"wp-block-cover__image-background wp-image-191\" alt=\"\" src=\"https:\/\/digitalarkitektur.se\/wp-content\/uploads\/2025\/10\/8e874ff7c1f653501f788425666991bd7dcc0dc2.jpg\" data-object-fit=\"cover\" srcset=\"https:\/\/digitalarkitektur.se\/wp-content\/uploads\/2025\/10\/8e874ff7c1f653501f788425666991bd7dcc0dc2.jpg 1440w, https:\/\/digitalarkitektur.se\/wp-content\/uploads\/2025\/10\/8e874ff7c1f653501f788425666991bd7dcc0dc2-300x159.jpg 300w, https:\/\/digitalarkitektur.se\/wp-content\/uploads\/2025\/10\/8e874ff7c1f653501f788425666991bd7dcc0dc2-1024x543.jpg 1024w, https:\/\/digitalarkitektur.se\/wp-content\/uploads\/2025\/10\/8e874ff7c1f653501f788425666991bd7dcc0dc2-768x407.jpg 768w, https:\/\/digitalarkitektur.se\/wp-content\/uploads\/2025\/10\/8e874ff7c1f653501f788425666991bd7dcc0dc2-18x10.jpg 18w\" sizes=\"auto, (max-width: 1440px) 100vw, 1440px\" \/><span aria-hidden=\"true\" class=\"wp-block-cover__background has-background-dim-0 has-background-dim\"><\/span><div class=\"wp-block-cover__inner-container is-layout-flow wp-block-cover-is-layout-flow\">\n<div style=\"height:380px\" aria-hidden=\"true\" class=\"wp-block-spacer\"><\/div>\n<\/div><\/div>\n<\/div>\n<\/div>\n<\/div>\n","protected":false},"excerpt":{"rendered":"<p>Optimering med digitala tvillingar H\u00e4r presenterar vi v\u00e5rt breda tj\u00e4nsteutbud med fokus p\u00e5 innovativa l\u00f6sningar och kundf\u00f6rtroende. Informationsarkitektur Vi analyserar och designar din digitala struktur f\u00f6r smidigare informationsfl\u00f6de. Digitala tvillingar Skapa realistiska digitala kopior f\u00f6r b\u00e4ttre beslutsfattande och effektivitet. Konsultation &amp; Support Vi erbjuder expertr\u00e5dgivning f\u00f6r att s\u00e4kerst\u00e4lla att dina digitala l\u00f6sningar fungerar optimalt. Skapa [&hellip;]<\/p>\n","protected":false},"author":2,"featured_media":0,"parent":29,"menu_order":0,"comment_status":"closed","ping_status":"closed","template":"page-with-title","meta":{"om_disable_all_campaigns":false,"_monsterinsights_skip_tracking":false,"_monsterinsights_sitenote_active":false,"_monsterinsights_sitenote_note":"","_monsterinsights_sitenote_category":0,"footnotes":""},"class_list":["post-27","page","type-page","status-publish","hentry"],"aioseo_notices":[],"aioseo_head":"\n\t\t<!-- All in One SEO Pro 4.9.6.2 - aioseo.com -->\n\t<meta name=\"description\" content=\"Uppt\u00e4ck hur v\u00e5ra digitala tvillingar och skr\u00e4ddarsydda informationsarkitekturl\u00f6sningar kan revolutionera din verksamhets beslutsfattande och effektivitet.\" \/>\n\t<meta name=\"robots\" content=\"max-image-preview:large\" \/>\n\t<link rel=\"canonical\" href=\"https:\/\/digitalarkitektur.se\/sv\/start\/tjanster\/\" \/>\n\t<meta name=\"generator\" content=\"All in One SEO Pro (AIOSEO) 4.9.6.2\" \/>\n\t\t<meta property=\"og:locale\" content=\"sv_SE\" \/>\n\t\t<meta property=\"og:site_name\" content=\"Digital Arkitektur - Vi designar din digitala verklighet\" \/>\n\t\t<meta property=\"og:type\" content=\"article\" \/>\n\t\t<meta property=\"og:title\" content=\"V\u00e5ra tj\u00e4nster inom Digitalarkitektur\" \/>\n\t\t<meta property=\"og:description\" content=\"Uppt\u00e4ck hur v\u00e5ra digitala tvillingar och skr\u00e4ddarsydda informationsarkitekturl\u00f6sningar kan revolutionera din verksamhets beslutsfattande och effektivitet.\" \/>\n\t\t<meta property=\"og:url\" content=\"https:\/\/digitalarkitektur.se\/sv\/start\/tjanster\/\" \/>\n\t\t<meta property=\"article:published_time\" content=\"2025-08-17T10:42:49+00:00\" \/>\n\t\t<meta property=\"article:modified_time\" content=\"2025-10-24T00:43:34+00:00\" \/>\n\t\t<meta name=\"twitter:card\" content=\"summary_large_image\" \/>\n\t\t<meta name=\"twitter:title\" content=\"V\u00e5ra tj\u00e4nster inom Digitalarkitektur\" \/>\n\t\t<meta name=\"twitter:description\" content=\"Uppt\u00e4ck hur v\u00e5ra digitala tvillingar och skr\u00e4ddarsydda informationsarkitekturl\u00f6sningar kan revolutionera din verksamhets beslutsfattande och effektivitet.\" \/>\n\t\t<script type=\"application\/ld+json\" class=\"aioseo-schema\">\n\t\t\t{\"@context\":\"https:\\\/\\\/schema.org\",\"@graph\":[{\"@type\":\"BreadcrumbList\",\"@id\":\"https:\\\/\\\/digitalarkitektur.se\\\/sv\\\/start\\\/tjanster\\\/#breadcrumblist\",\"itemListElement\":[{\"@type\":\"ListItem\",\"@id\":\"https:\\\/\\\/digitalarkitektur.se\\\/sv#listItem\",\"position\":1,\"name\":\"Home\",\"item\":\"https:\\\/\\\/digitalarkitektur.se\\\/sv\",\"nextItem\":{\"@type\":\"ListItem\",\"@id\":\"https:\\\/\\\/digitalarkitektur.se\\\/sv\\\/start\\\/tjanster\\\/#listItem\",\"name\":\"Tj\\u00e4nster\"}},{\"@type\":\"ListItem\",\"@id\":\"https:\\\/\\\/digitalarkitektur.se\\\/sv\\\/start\\\/tjanster\\\/#listItem\",\"position\":2,\"name\":\"Tj\\u00e4nster\",\"previousItem\":{\"@type\":\"ListItem\",\"@id\":\"https:\\\/\\\/digitalarkitektur.se\\\/sv#listItem\",\"name\":\"Home\"}}]},{\"@type\":\"Organization\",\"@id\":\"https:\\\/\\\/digitalarkitektur.se\\\/sv\\\/#organization\",\"name\":\"Digital Arkitektur\",\"description\":\"Vi designar din digitala verklighet\",\"url\":\"https:\\\/\\\/digitalarkitektur.se\\\/sv\\\/\",\"email\":\"info@digitalarkitektur.se\",\"telephone\":\"+46859252200\",\"address\":{\"@id\":\"https:\\\/\\\/digitalarkitektur.se\\\/sv\\\/#postaladdress\",\"@type\":\"PostalAddress\",\"streetAddress\":\"V\\u00e4stra J\\u00e4rnv\\u00e4gsgatan 3, 9tr,\",\"postalCode\":\"11164\",\"addressLocality\":\"Stockholm\",\"addressCountry\":\"SE\"}},{\"@type\":\"WebPage\",\"@id\":\"https:\\\/\\\/digitalarkitektur.se\\\/sv\\\/start\\\/tjanster\\\/#webpage\",\"url\":\"https:\\\/\\\/digitalarkitektur.se\\\/sv\\\/start\\\/tjanster\\\/\",\"name\":\"V\\u00e5ra tj\\u00e4nster inom Digitalarkitektur\",\"description\":\"Uppt\\u00e4ck hur v\\u00e5ra digitala tvillingar och skr\\u00e4ddarsydda informationsarkitekturl\\u00f6sningar kan revolutionera din verksamhets beslutsfattande och effektivitet.\",\"inLanguage\":\"sv-SE\",\"isPartOf\":{\"@id\":\"https:\\\/\\\/digitalarkitektur.se\\\/sv\\\/#website\"},\"breadcrumb\":{\"@id\":\"https:\\\/\\\/digitalarkitektur.se\\\/sv\\\/start\\\/tjanster\\\/#breadcrumblist\"},\"datePublished\":\"2025-08-17T12:42:49+02:00\",\"dateModified\":\"2025-10-24T02:43:34+02:00\"},{\"@type\":\"WebSite\",\"@id\":\"https:\\\/\\\/digitalarkitektur.se\\\/sv\\\/#website\",\"url\":\"https:\\\/\\\/digitalarkitektur.se\\\/sv\\\/\",\"name\":\"Digital Arkitektur\",\"description\":\"Vi designar din digitala verklighet\",\"inLanguage\":\"sv-SE\",\"publisher\":{\"@id\":\"https:\\\/\\\/digitalarkitektur.se\\\/sv\\\/#organization\"}}]}\n\t\t<\/script>\n\t\t<!-- All in One SEO Pro -->\r\n\t\t<title>V\u00e5ra tj\u00e4nster inom Digitalarkitektur<\/title>\n\n","aioseo_head_json":{"title":"V\u00e5ra tj\u00e4nster inom Digitalarkitektur","description":"Uppt\u00e4ck hur v\u00e5ra digitala tvillingar och skr\u00e4ddarsydda informationsarkitekturl\u00f6sningar kan revolutionera din verksamhets beslutsfattande och effektivitet.","canonical_url":"https:\/\/digitalarkitektur.se\/sv\/start\/tjanster\/","robots":"max-image-preview:large","keywords":"","webmasterTools":{"miscellaneous":""},"schema":{"@context":"https:\/\/schema.org","@graph":[{"@type":"BreadcrumbList","@id":"https:\/\/digitalarkitektur.se\/sv\/start\/tjanster\/#breadcrumblist","itemListElement":[{"@type":"ListItem","@id":"https:\/\/digitalarkitektur.se\/sv#listItem","position":1,"name":"Home","item":"https:\/\/digitalarkitektur.se\/sv","nextItem":{"@type":"ListItem","@id":"https:\/\/digitalarkitektur.se\/sv\/start\/tjanster\/#listItem","name":"Tj\u00e4nster"}},{"@type":"ListItem","@id":"https:\/\/digitalarkitektur.se\/sv\/start\/tjanster\/#listItem","position":2,"name":"Tj\u00e4nster","previousItem":{"@type":"ListItem","@id":"https:\/\/digitalarkitektur.se\/sv#listItem","name":"Home"}}]},{"@type":"Organization","@id":"https:\/\/digitalarkitektur.se\/sv\/#organization","name":"Digital Arkitektur","description":"Vi designar din digitala verklighet","url":"https:\/\/digitalarkitektur.se\/sv\/","email":"info@digitalarkitektur.se","telephone":"+46859252200","address":{"@id":"https:\/\/digitalarkitektur.se\/sv\/#postaladdress","@type":"PostalAddress","streetAddress":"V\u00e4stra J\u00e4rnv\u00e4gsgatan 3, 9tr,","postalCode":"11164","addressLocality":"Stockholm","addressCountry":"SE"}},{"@type":"WebPage","@id":"https:\/\/digitalarkitektur.se\/sv\/start\/tjanster\/#webpage","url":"https:\/\/digitalarkitektur.se\/sv\/start\/tjanster\/","name":"V\u00e5ra tj\u00e4nster inom Digitalarkitektur","description":"Uppt\u00e4ck hur v\u00e5ra digitala tvillingar och skr\u00e4ddarsydda informationsarkitekturl\u00f6sningar kan revolutionera din verksamhets beslutsfattande och effektivitet.","inLanguage":"sv-SE","isPartOf":{"@id":"https:\/\/digitalarkitektur.se\/sv\/#website"},"breadcrumb":{"@id":"https:\/\/digitalarkitektur.se\/sv\/start\/tjanster\/#breadcrumblist"},"datePublished":"2025-08-17T12:42:49+02:00","dateModified":"2025-10-24T02:43:34+02:00"},{"@type":"WebSite","@id":"https:\/\/digitalarkitektur.se\/sv\/#website","url":"https:\/\/digitalarkitektur.se\/sv\/","name":"Digital Arkitektur","description":"Vi designar din digitala verklighet","inLanguage":"sv-SE","publisher":{"@id":"https:\/\/digitalarkitektur.se\/sv\/#organization"}}]},"og:locale":"sv_SE","og:site_name":"Digital Arkitektur - Vi designar din digitala verklighet","og:type":"article","og:title":"V\u00e5ra tj\u00e4nster inom Digitalarkitektur","og:description":"Uppt\u00e4ck hur v\u00e5ra digitala tvillingar och skr\u00e4ddarsydda informationsarkitekturl\u00f6sningar kan revolutionera din verksamhets beslutsfattande och effektivitet.","og:url":"https:\/\/digitalarkitektur.se\/sv\/start\/tjanster\/","article:published_time":"2025-08-17T10:42:49+00:00","article:modified_time":"2025-10-24T00:43:34+00:00","twitter:card":"summary_large_image","twitter:title":"V\u00e5ra tj\u00e4nster inom Digitalarkitektur","twitter:description":"Uppt\u00e4ck hur v\u00e5ra digitala tvillingar och skr\u00e4ddarsydda informationsarkitekturl\u00f6sningar kan revolutionera din verksamhets beslutsfattande och effektivitet."},"aioseo_meta_data":{"post_id":"27","title":"V\u00e5ra tj\u00e4nster inom Digitalarkitektur","description":"Uppt\u00e4ck hur v\u00e5ra digitala tvillingar och skr\u00e4ddarsydda informationsarkitekturl\u00f6sningar kan revolutionera din verksamhets beslutsfattande och effektivitet.","keywords":null,"keyphrases":{"focus":{"keyphrase":"","score":0,"analysis":{"keyphraseInTitle":{"score":0,"maxScore":9,"error":1}}},"additional":[]},"primary_term":null,"canonical_url":null,"og_title":null,"og_description":null,"og_object_type":"default","og_image_type":"default","og_image_url":null,"og_image_width":null,"og_image_height":null,"og_image_custom_url":null,"og_image_custom_fields":null,"og_video":"","og_custom_url":null,"og_article_section":null,"og_article_tags":null,"twitter_use_og":false,"twitter_card":"default","twitter_image_type":"default","twitter_image_url":null,"twitter_image_custom_url":null,"twitter_image_custom_fields":null,"twitter_title":null,"twitter_description":null,"schema":{"blockGraphs":[],"customGraphs":[],"default":{"data":{"Article":[],"Course":[],"Dataset":[],"FAQPage":[],"Movie":[],"Person":[],"Product":[],"ProductReview":[],"Car":[],"Recipe":[],"Service":[],"SoftwareApplication":[],"WebPage":[]},"graphName":"WebPage","isEnabled":true},"graphs":[]},"schema_type":"default","schema_type_options":null,"pillar_content":false,"robots_default":true,"robots_noindex":false,"robots_noarchive":false,"robots_nosnippet":false,"robots_nofollow":false,"robots_noimageindex":false,"robots_noodp":false,"robots_notranslate":false,"robots_max_snippet":"-1","robots_max_videopreview":"-1","robots_max_imagepreview":"large","priority":null,"frequency":"default","local_seo":null,"seo_analyzer_scan_date":"2025-10-24 00:44:39","breadcrumb_settings":null,"limit_modified_date":false,"reviewed_by":"0","open_ai":null,"ai":{"faqs":[],"keyPoints":[],"titles":[],"descriptions":["Uppt\u00e4ck hur v\u00e5ra digitala tvillingar och skr\u00e4ddarsydda informationsarkitekturl\u00f6sningar kan revolutionera ditt f\u00f6retags beslutsfattande och effektivitet.","F\u00f6rb\u00e4ttra ditt f\u00f6retags digitala struktur och processer med v\u00e5ra expertkonsultationer och innovativa digitala tvilling-tekniker f\u00f6r \u00f6kad kontroll och insikt.","V\u00e5r expertis inom digitala tvillingar och anpassad informationsarkitektur hj\u00e4lper ditt f\u00f6retag att skapa merv\u00e4rde, \u00f6ka transparensen och st\u00e4rka konkurrenskraften.","V\u00e4lj v\u00e5ra skr\u00e4ddarsydda tj\u00e4nster f\u00f6r digital transformation och f\u00e5 professionell r\u00e5dgivning som optimerar dina processer och st\u00e4rker ditt f\u00f6retags framtid.","Utforska v\u00e5rt breda tj\u00e4nsteutbud inom digitala tvillingar och informationsarkitektur f\u00f6r att skapa h\u00e5llbara, innovativa l\u00f6sningar som driver aff\u00e4rsframg\u00e5ng."],"socialPosts":{"email":[],"linkedin":[],"twitter":[],"facebook":[],"instagram":[]}},"created":"2025-08-17 10:46:19","updated":"2025-10-24 02:14:15"},"aioseo_breadcrumb":"<div class=\"aioseo-breadcrumbs\"><span class=\"aioseo-breadcrumb\">\n\t<a href=\"https:\/\/digitalarkitektur.se\/sv\" title=\"Home\">Home<\/a>\n<\/span><span class=\"aioseo-breadcrumb-separator\">&raquo;<\/span><span class=\"aioseo-breadcrumb\">\n\tTj\u00e4nster\n<\/span><\/div>","aioseo_breadcrumb_json":[{"label":"Home","link":"https:\/\/digitalarkitektur.se\/sv"},{"label":"Tj\u00e4nster","link":"https:\/\/digitalarkitektur.se\/sv\/start\/tjanster\/"}],"_links":{"self":[{"href":"https:\/\/digitalarkitektur.se\/sv\/wp-json\/wp\/v2\/pages\/27","targetHints":{"allow":["GET"]}}],"collection":[{"href":"https:\/\/digitalarkitektur.se\/sv\/wp-json\/wp\/v2\/pages"}],"about":[{"href":"https:\/\/digitalarkitektur.se\/sv\/wp-json\/wp\/v2\/types\/page"}],"author":[{"embeddable":true,"href":"https:\/\/digitalarkitektur.se\/sv\/wp-json\/wp\/v2\/users\/2"}],"replies":[{"embeddable":true,"href":"https:\/\/digitalarkitektur.se\/sv\/wp-json\/wp\/v2\/comments?post=27"}],"version-history":[{"count":3,"href":"https:\/\/digitalarkitektur.se\/sv\/wp-json\/wp\/v2\/pages\/27\/revisions"}],"predecessor-version":[{"id":192,"href":"https:\/\/digitalarkitektur.se\/sv\/wp-json\/wp\/v2\/pages\/27\/revisions\/192"}],"up":[{"embeddable":true,"href":"https:\/\/digitalarkitektur.se\/sv\/wp-json\/wp\/v2\/pages\/29"}],"wp:attachment":[{"href":"https:\/\/digitalarkitektur.se\/sv\/wp-json\/wp\/v2\/media?parent=27"}],"curies":[{"name":"wp","href":"https:\/\/api.w.org\/{rel}","templated":true}]}}