{"id":28,"date":"2025-08-17T12:42:50","date_gmt":"2025-08-17T10:42:50","guid":{"rendered":"https:\/\/www.digitalarkitektur.se\/om\/"},"modified":"2025-10-24T02:43:34","modified_gmt":"2025-10-24T00:43:34","slug":"om","status":"publish","type":"page","link":"https:\/\/digitalarkitektur.se\/sv\/start\/om\/","title":{"rendered":"Om"},"content":{"rendered":"\n<div class=\"wp-block-group alignfull has-background-background-color has-background has-global-padding is-layout-constrained wp-container-core-group-is-layout-7276a2bb wp-block-group-is-layout-constrained\" id=\"om\" style=\"margin-top:0;margin-bottom:0;padding-top:var(--wp--preset--spacing--60);padding-right:var(--wp--preset--spacing--30);padding-bottom:var(--wp--preset--spacing--60);padding-left:var(--wp--preset--spacing--30)\">\n<h2 class=\"wp-block-heading has-text-align-center has-large-font-size\">Utforska m\u00f6jligheterna med digital arkitektur<\/h2>\n\n\n\n<p class=\"has-text-align-center\" style=\"margin-top:16px\">Digital Arkitektur erbjuder en djupg\u00e5ende insikt i digital arkitektur och digitala tvillingar, med fokus p\u00e5 hur dessa teknologier skapar v\u00e4rde och effektivitet genom en strukturerad informationsarkitektur.<\/p>\n<\/div>\n\n\n\n<div class=\"wp-block-group alignfull has-background-background-color has-background has-global-padding is-layout-constrained wp-container-core-group-is-layout-7276a2bb wp-block-group-is-layout-constrained\" style=\"margin-top:0;margin-bottom:0;padding-top:var(--wp--preset--spacing--60);padding-right:var(--wp--preset--spacing--30);padding-bottom:var(--wp--preset--spacing--60);padding-left:var(--wp--preset--spacing--30)\">\n<div class=\"wp-block-group alignwide has-global-padding is-content-justification-center is-layout-constrained wp-block-group-is-layout-constrained\">\n<h2 class=\"wp-block-heading has-text-align-center has-large-font-size\">Uppt\u00e4ck innovativa l\u00f6sningar och verkliga f\u00f6rdelar<\/h2>\n\n\n\n<p class=\"has-text-align-center\" style=\"margin-top:16px\">H\u00e4r presenterar vi k\u00e4rnan i digital arkitektur och dess unika v\u00e4rde f\u00f6r din verksamhet.<\/p>\n<\/div>\n\n\n\n<div class=\"wp-block-columns alignwide is-layout-flex wp-container-core-columns-is-layout-5b525043 wp-block-columns-is-layout-flex\">\n<div class=\"wp-block-column is-layout-flow wp-block-column-is-layout-flow\">\n<figure class=\"wp-block-image aligncenter size-large ext-aspect-landscape wp-duotone-primary-foreground\"><img decoding=\"async\" src=\"data:image\/svg+xml;base64,PHN2ZyB4bWxucz0iaHR0cDovL3d3dy53My5vcmcvMjAwMC9zdmciIHdpZHRoPSI0OCIgaGVpZ2h0PSI0OCIgZmlsbD0ibm9uZSIgdmlld0JveD0iMCAwIDQ4IDQ4Ij48bWFzayBpZD0iYSIgd2lkdGg9IjQ4IiBoZWlnaHQ9IjQ4IiB4PSIwIiB5PSIwIiBtYXNrVW5pdHM9InVzZXJTcGFjZU9uVXNlIiBzdHlsZT0ibWFzay10eXBlOmFscGhhIj48cGF0aCBmaWxsPSIjRDlEOUQ5IiBkPSJNMCAwaDQ4djQ4SDB6Ii8+PC9tYXNrPjxnIG1hc2s9InVybCgjYSkiPjxwYXRoIGZpbGw9IiM1RjYzNjgiIGQ9Ik0zMiAzOGMtMS4yIDAtMi4zNTgtLjE0Mi0zLjQ3NS0uNDI1QTEzLjExNSAxMy4xMTUgMCAwIDEgMjUuNCAzNi4zNWMxLjkzMy0xLjUgMy40MzMtMy4zMjUgNC41LTUuNDc1QTE1LjI2MiAxNS4yNjIgMCAwIDAgMzEuNSAyNGExNS4yNiAxNS4yNiAwIDAgMC0xLjYtNi44NzVjLTEuMDY3LTIuMTUtMi41NjctMy45NzUtNC41LTUuNDc1YTEzLjExNSAxMy4xMTUgMCAwIDEgMy4xMjUtMS4yMjVBMTQuMDc3IDE0LjA3NyAwIDAgMSAzMiAxMGMzLjkgMCA3LjIwOCAxLjM1OCA5LjkyNSA0LjA3NUM0NC42NDIgMTYuNzkyIDQ2IDIwLjEgNDYgMjRjMCAzLjktMS4zNTggNy4yMDgtNC4wNzUgOS45MjVDMzkuMjA4IDM2LjY0MiAzNS45IDM4IDMyIDM4Wm0tMTYgMGMtMy45IDAtNy4yMDgtMS4zNTgtOS45MjUtNC4wNzVDMy4zNTggMzEuMjA4IDIgMjcuOSAyIDI0YzAtMy45IDEuMzU4LTcuMjA4IDQuMDc1LTkuOTI1QzguNzkyIDExLjM1OCAxMi4xIDEwIDE2IDEwYzEuMiAwIDIuMzU4LjE0MiAzLjQ3NS40MjUgMS4xMTcuMjgzIDIuMTU4LjY5MiAzLjEyNSAxLjIyNS0uNDMzLjMzMy0uODMzLjY4My0xLjIgMS4wNXMtLjczMy43NS0xLjEgMS4xNWExMi40MzEgMTIuNDMxIDAgMCAwLTIuMDc1LS42MjVBMTAuODM0IDEwLjgzNCAwIDAgMCAxNiAxM2MtMy4wMzMgMC01LjYyNSAxLjA2Ny03Ljc3NSAzLjJDNi4wNzUgMTguMzMzIDUgMjAuOTMzIDUgMjRjMCAzLjAzMyAxLjA3NSA1LjYyNSAzLjIyNSA3Ljc3NUMxMC4zNzUgMzMuOTI1IDEyLjk2NyAzNSAxNiAzNWMuNzY3IDAgMS41MDgtLjA3NSAyLjIyNS0uMjI1LjcxNy0uMTUgMS40MDgtLjM1OCAyLjA3NS0uNjI1LjM2Ny40LjczMy43ODMgMS4xIDEuMTUuMzY3LjM2Ny43NjcuNzE3IDEuMiAxLjA1LS45NjcuNTMzLTIuMDA4Ljk0Mi0zLjEyNSAxLjIyNUExNC4wNzcgMTQuMDc3IDAgMCAxIDE2IDM4Wm04LTIuNWExMy40NDkgMTMuNDQ5IDAgMCAxLTQuNDI1LTVBMTMuOTY3IDEzLjk2NyAwIDAgMSAxOCAyNGMwLTIuMy41MjUtNC40NjcgMS41NzUtNi41YTEzLjQ0OSAxMy40NDkgMCAwIDEgNC40MjUtNWMxLjkgMS4zIDMuMzc1IDIuOTY3IDQuNDI1IDVBMTMuOTY3IDEzLjk2NyAwIDAgMSAzMCAyNGMwIDIuMy0uNTI1IDQuNDY3LTEuNTc1IDYuNWExMy40NDkgMTMuNDQ5IDAgMCAxLTQuNDI1IDVaIi8+PC9nPjwvc3ZnPg==\" alt=\"\" style=\"object-fit:cover\"\/><\/figure>\n\n\n\n<h3 class=\"wp-block-heading has-text-align-center\" style=\"margin-top:24px;font-size:clamp(14px, 0.875rem + ((1vw - 3.2px) * 0.625), 20px);line-height:1.5\">Digital arkitektur skapar nya m\u00f6jligheter<\/h3>\n\n\n\n<p class=\"has-text-align-center has-small-font-size\" style=\"margin-top:8px\">Genom att integrera digitala tvillingar optimerar vi arbetsfl\u00f6den och st\u00e4rker informationshanteringen f\u00f6r \u00f6kad effektivitet och konkurrenskraft.<\/p>\n<\/div>\n\n\n\n<div class=\"wp-block-column is-layout-flow wp-block-column-is-layout-flow\">\n<figure class=\"wp-block-image aligncenter size-large ext-aspect-landscape wp-duotone-primary-foreground\"><img decoding=\"async\" src=\"data:image\/svg+xml;base64,PHN2ZyB4bWxucz0iaHR0cDovL3d3dy53My5vcmcvMjAwMC9zdmciIHdpZHRoPSI0OCIgaGVpZ2h0PSI0OCIgZmlsbD0ibm9uZSIgdmlld0JveD0iMCAwIDQ4IDQ4Ij48bWFzayBpZD0iYSIgd2lkdGg9IjQ4IiBoZWlnaHQ9IjQ4IiB4PSIwIiB5PSIwIiBtYXNrVW5pdHM9InVzZXJTcGFjZU9uVXNlIiBzdHlsZT0ibWFzay10eXBlOmFscGhhIj48cGF0aCBmaWxsPSIjRDlEOUQ5IiBkPSJNMCAwaDQ4djQ4SDB6Ii8+PC9tYXNrPjxnIG1hc2s9InVybCgjYSkiPjxwYXRoIGZpbGw9IiM1RjYzNjgiIGQ9Ik0xOS44NSAyMS44Yy41NTMgMCAxLjAxNi0uMTg3IDEuMzktLjU2LjM3My0uMzc0LjU2LS44MzcuNTYtMS4zOSAwLS41NTMtLjE4Ny0xLjAxNi0uNTYtMS4zOS0uMzc0LS4zNzMtLjgzNy0uNTYtMS4zOS0uNTYtLjU1MyAwLTEuMDE2LjE4Ny0xLjM5LjU2LS4zNzMuMzc0LS41Ni44MzctLjU2IDEuMzkgMCAuNTUzLjE4NyAxLjAxNi41NiAxLjM5LjM3NC4zNzMuODM3LjU2IDEuMzkuNTZabTAgOC4zNWMuNTUzIDAgMS4wMTYtLjE4NyAxLjM5LS41Ni4zNzMtLjM3NC41Ni0uODM3LjU2LTEuMzkgMC0uNTUzLS4xODctMS4wMTYtLjU2LTEuMzktLjM3NC0uMzczLS44MzctLjU2LTEuMzktLjU2LS41NTMgMC0xLjAxNi4xODctMS4zOS41Ni0uMzczLjM3NC0uNTYuODM3LS41NiAxLjM5IDAgLjU1My4xODcgMS4wMTYuNTYgMS4zOS4zNzQuMzczLjgzNy41NiAxLjM5LjU2Wm0tNi40NS05LjFjLjMyIDAgLjYtLjEyLjg0LS4zNnMuMzYtLjUyLjM2LS44NGMwLS4zMi0uMTItLjYtLjM2LS44NHMtLjUyLS4zNi0uODQtLjM2Yy0uMzIgMC0uNi4xMi0uODQuMzZzLS4zNi41Mi0uMzYuODRjMCAuMzIuMTIuNi4zNi44NHMuNTIuMzYuODQuMzZabTYuNDI4IDE0LjhjLjMxNSAwIC41OTctLjEyLjg0Ny0uMzZzLjM3NS0uNTIuMzc1LS44NGMwLS4zMi0uMTIyLS42LS4zNjQtLjg0YTEuMTcxIDEuMTcxIDAgMCAwLS44NS0uMzZjLS4zMjQgMC0uNjAzLjEyLS44MzYuMzYtLjIzMy4yNC0uMzUuNTItLjM1Ljg0IDAgLjMyLjExOC42LjM1NC44NC4yMzUuMjQuNTEuMzYuODI0LjM2Wk0xMy40IDI5LjRjLjMyIDAgLjYtLjEyLjg0LS4zNnMuMzYtLjUyLjM2LS44NGMwLS4zMi0uMTItLjYtLjM2LS44NHMtLjUyLS4zNi0uODQtLjM2Yy0uMzIgMC0uNi4xMi0uODQuMzZzLS4zNi41Mi0uMzYuODRjMCAuMzIuMTIuNi4zNi44NHMuNTIuMzYuODQuMzZabTYuNDUtMTQuOGMuMzIgMCAuNi0uMTIuODQtLjM2cy4zNi0uNTIuMzYtLjg0YzAtLjMyLS4xMi0uNi0uMzYtLjg0cy0uNTItLjM2LS44NC0uMzZjLS4zMiAwLS42LjEyLS44NC4zNnMtLjM2LjUyLS4zNi44NGMwIC4zMi4xMi42LjM2Ljg0cy41Mi4zNi44NC4zNlptOC4zNSA3LjJjLjU1MyAwIDEuMDE2LS4xODcgMS4zOS0uNTYuMzczLS4zNzQuNTYtLjgzNy41Ni0xLjM5IDAtLjU1My0uMTg3LTEuMDE2LS41Ni0xLjM5LS4zNzQtLjM3My0uODM3LS41Ni0xLjM5LS41Ni0uNTUzIDAtMS4wMTYuMTg3LTEuMzkuNTYtLjM3My4zNzQtLjU2LjgzNy0uNTYgMS4zOSAwIC41NTMuMTg3IDEuMDE2LjU2IDEuMzkuMzc0LjM3My44MzcuNTYgMS4zOS41NlptMC03LjJjLjMyIDAgLjYtLjEyLjg0LS4zNnMuMzYtLjUyLjM2LS44NGMwLS4zMi0uMTItLjYtLjM2LS44NHMtLjUyLS4zNi0uODQtLjM2Yy0uMzIgMC0uNi4xMi0uODQuMzZzLS4zNi41Mi0uMzYuODRjMCAuMzIuMTIuNi4zNi44NHMuNTIuMzYuODQuMzZabTYuNDUgMTQuOGMuMzIgMCAuNi0uMTIuODQtLjM2cy4zNi0uNTIuMzYtLjg0YzAtLjMyLS4xMi0uNi0uMzYtLjg0cy0uNTItLjM2LS44NC0uMzZjLS4zMiAwLS42LjEyLS44NC4zNnMtLjM2LjUyLS4zNi44NGMwIC4zMi4xMi42LjM2Ljg0cy41Mi4zNi44NC4zNlptMC04LjM1Yy4zMiAwIC42LS4xMi44NC0uMzZzLjM2LS41Mi4zNi0uODRjMC0uMzItLjEyLS42LS4zNi0uODRzLS41Mi0uMzYtLjg0LS4zNmMtLjMyIDAtLjYuMTItLjg0LjM2cy0uMzYuNTItLjM2Ljg0YzAgLjMyLjEyLjYuMzYuODRzLjUyLjM2Ljg0LjM2Wk0yNCA0NGMtMi43NjcgMC01LjM2Ny0uNTI1LTcuOC0xLjU3NS0yLjQzMy0xLjA1LTQuNTUtMi40NzUtNi4zNS00LjI3NS0xLjgtMS44LTMuMjI1LTMuOTE3LTQuMjc1LTYuMzVDNC41MjUgMjkuMzY3IDQgMjYuNzY3IDQgMjRjMC0yLjc2Ny41MjUtNS4zNjcgMS41NzUtNy44IDEuMDUtMi40MzMgMi40NzUtNC41NSA0LjI3NS02LjM1IDEuOC0xLjggMy45MTctMy4yMjUgNi4zNS00LjI3NUMxOC42MzMgNC41MjUgMjEuMjMzIDQgMjQgNGMyLjc2NyAwIDUuMzY3LjUyNSA3LjggMS41NzUgMi40MzMgMS4wNSA0LjU1IDIuNDc1IDYuMzUgNC4yNzUgMS44IDEuOCAzLjIyNSAzLjkxNyA0LjI3NSA2LjM1QzQzLjQ3NSAxOC42MzMgNDQgMjEuMjMzIDQ0IDI0YzAgMi43NjctLjUyNSA1LjM2Ny0xLjU3NSA3LjgtMS4wNSAyLjQzMy0yLjQ3NSA0LjU1LTQuMjc1IDYuMzUtMS44IDEuOC0zLjkxNyAzLjIyNS02LjM1IDQuMjc1QzI5LjM2NyA0My40NzUgMjYuNzY3IDQ0IDI0IDQ0Wm0uMDI1LTNjNC42ODMgMCA4LjY4My0xLjY1OCAxMi00Ljk3NUMzOS4zNDIgMzIuNzA4IDQxIDI4LjcgNDEgMjRzLTEuNjU4LTguNzA4LTQuOTc1LTEyLjAyNUMzMi43MDggOC42NTggMjguNzA4IDcgMjQuMDI1IDdTMTUuMzMzIDguNjU4IDEyIDExLjk3NUM4LjY2NyAxNS4yOTIgNyAxOS4zIDcgMjRzMS42NjcgOC43MDggNSAxMi4wMjVTMTkuMzQyIDQxIDI0LjAyNSA0MVptNC4xNzUtNS4xNWMuMzIgMCAuNi0uMTIuODQtLjM2cy4zNi0uNTIuMzYtLjg0YzAtLjMyLS4xMi0uNi0uMzYtLjg0cy0uNTItLjM2LS44NC0uMzZjLS4zMiAwLS42LjEyLS44NC4zNnMtLjM2LjUyLS4zNi44NGMwIC4zMi4xMi42LjM2Ljg0cy41Mi4zNi44NC4zNlptMC01LjdjLjU1MyAwIDEuMDE2LS4xODcgMS4zOS0uNTYuMzczLS4zNzQuNTYtLjgzNy41Ni0xLjM5IDAtLjU1My0uMTg3LTEuMDE2LS41Ni0xLjM5LS4zNzQtLjM3My0uODM3LS41Ni0xLjM5LS41Ni0uNTUzIDAtMS4wMTYuMTg3LTEuMzkuNTYtLjM3My4zNzQtLjU2LjgzNy0uNTYgMS4zOSAwIC41NTMuMTg3IDEuMDE2LjU2IDEuMzkuMzc0LjM3My44MzcuNTYgMS4zOS41NloiLz48L2c+PC9zdmc+\" alt=\"\" style=\"object-fit:cover\"\/><\/figure>\n\n\n\n<h3 class=\"wp-block-heading has-text-align-center\" style=\"margin-top:24px;font-size:clamp(14px, 0.875rem + ((1vw - 3.2px) * 0.625), 20px);line-height:1.5\">Strategisk informationsarkitektur f\u00f6r framtiden<\/h3>\n\n\n\n<p class=\"has-text-align-center has-small-font-size\" style=\"margin-top:8px\">Vi hj\u00e4lper dig att strukturera data p\u00e5 ett s\u00e4tt som m\u00f6jligg\u00f6r smartare beslut och l\u00e5ngsiktig tillv\u00e4xt i digitala landskap.<\/p>\n<\/div>\n\n\n\n<div class=\"wp-block-column is-layout-flow wp-block-column-is-layout-flow\">\n<figure class=\"wp-block-image aligncenter size-large ext-aspect-landscape wp-duotone-primary-foreground\"><img decoding=\"async\" src=\"data:image\/svg+xml;base64,PHN2ZyB4bWxucz0iaHR0cDovL3d3dy53My5vcmcvMjAwMC9zdmciIHdpZHRoPSI0OCIgaGVpZ2h0PSI0OCIgZmlsbD0ibm9uZSIgdmlld0JveD0iMCAwIDQ4IDQ4Ij48bWFzayBpZD0iYSIgd2lkdGg9IjQ4IiBoZWlnaHQ9IjQ4IiB4PSIwIiB5PSIwIiBtYXNrVW5pdHM9InVzZXJTcGFjZU9uVXNlIiBzdHlsZT0ibWFzay10eXBlOmFscGhhIj48cGF0aCBmaWxsPSIjRDlEOUQ5IiBkPSJNMCAwaDQ4djQ4SDB6Ii8+PC9tYXNrPjxnIG1hc2s9InVybCgjYSkiPjxwYXRoIGZpbGw9IiM1RjYzNjgiIGQ9Ik0zOC4zMyAxNy4zYy0xLjg1MyAwLTMuNDcyLS41ODMtNC44NTUtMS43NS0xLjM4My0xLjE2Ny0yLjI1OC0yLjYzMy0yLjYyNS00LjRIMTcuMWE3LjQyNSA3LjQyNSAwIDAgMS0yLjA3NSAzLjg3NUE3LjQyNSA3LjQyNSAwIDAgMSAxMS4xNSAxNy4xdjEzLjc1YzEuNzY3LjM2NyAzLjIzMyAxLjI0IDQuNCAyLjYyIDEuMTY3IDEuMzggMS43NSAzLjAwNyAxLjc1IDQuODggMCAyLjEzMy0uNzQ5IDMuOTQyLTIuMjQ3IDUuNDI1QzEzLjU1NSA0NS4yNTggMTEuNzUzIDQ2IDkuNjUgNDZjLTIuMTMzIDAtMy45NDItLjc0Mi01LjQyNS0yLjIyNUMyLjc0MiA0Mi4yOTIgMiA0MC40NzcgMiAzOC4zMzFjMC0xLjg1NC41ODMtMy40NzMgMS43NS00Ljg1NnMyLjYzMy0yLjI1OCA0LjQtMi42MjVWMTcuMWMtMS43NjctLjM2Ny0zLjIzMy0xLjIzMy00LjQtMi42QzIuNTgzIDEzLjEzMyAyIDExLjUgMiA5LjZjMC0yLjA5Ljc0NC0zLjg4IDIuMjMyLTUuMzY3QzUuNzIxIDIuNzQ0IDcuNTEgMiA5LjYgMmMxLjkgMCAzLjUzMy41ODMgNC45IDEuNzUgMS4zNjcgMS4xNjcgMi4yMzMgMi42MzMgMi42IDQuNGgxMy43NWMuMzY3LTEuNzY3IDEuMjQtMy4yMzMgMi42Mi00LjRDMzQuODUgMi41ODMgMzYuNDc3IDIgMzguMzUgMmMyLjEzMyAwIDMuOTQyLjc0MiA1LjQyNSAyLjIyNUM0NS4yNTggNS43MDggNDYgNy41MDggNDYgOS42MjVjMCAyLjExNy0uNzQyIDMuOTI1LTIuMjI1IDUuNDI1cy0zLjI5OCAyLjI1LTUuNDQ0IDIuMjVaTTkuNTg3IDQzYzEuMjk2IDAgMi40MDYtLjQ1IDMuMzI5LTEuMzUuOTIzLS45IDEuMzg1LTEuOTc4IDEuMzg1LTMuMjM2IDAtMS4yOTYtLjQ2Mi0yLjQwNi0xLjM4NS0zLjMyOVMxMC44ODIgMzMuNyA5LjU4NSAzMy43Yy0xLjI1NyAwLTIuMzM1LjQ2Mi0zLjIzNSAxLjM4NS0uOS45MjMtMS4zNSAyLjAzMy0xLjM1IDMuMzMgMCAxLjI1Ny40NSAyLjMzNSAxLjM1IDMuMjM1LjkuOSAxLjk3OSAxLjM1IDMuMjM2IDEuMzVabTAtMjguN2MxLjI5NiAwIDIuNDA2LS40NiAzLjMyOS0xLjM4LjkyMy0uOTIgMS4zODUtMi4wMjcgMS4zODUtMy4zMiAwLTEuMjY1LS40NjItMi4zNDgtMS4zODUtMy4yNDhDMTEuOTkyIDUuNDUgMTAuODgyIDUgOS41ODUgNSA4LjMyOSA1IDcuMjUgNS40NSA2LjM1IDYuMzUxIDUuNDUgNy4yNTIgNSA4LjMzNSA1IDkuNmMwIDEuMjkzLjQ1IDIuNCAxLjM1IDMuMzIuOS45MiAxLjk3OSAxLjM4IDMuMjM2IDEuMzhaTTM4LjQgNDZjLTIuMTE4IDAtMy45My0uNzQ0LTUuNDM4LTIuMjMzQzMxLjQ1NCA0Mi4yOCAzMC43IDQwLjQ5IDMwLjcgMzguNGMwLTIuMTE3Ljc1Mi0zLjkzIDIuMjU2LTUuNDM4IDEuNTA1LTEuNTA4IDMuMzEzLTIuMjYyIDUuNDI1LTIuMjYyIDIuMTEzIDAgMy45MS43NTIgNS4zOTQgMi4yNTZDNDUuMjU4IDM0LjQ2MiA0NiAzNi4yNyA0NiAzOC4zODFjMCAyLjExMy0uNzQ0IDMuOTEtMi4yMzMgNS4zOTRDNDIuMjggNDUuMjU4IDQwLjQ5IDQ2IDM4LjQgNDZabTAtM2MxLjI2NSAwIDIuMzQ4LS40NSAzLjI0OC0xLjM1LjkwMS0uOSAxLjM1Mi0xLjk3OCAxLjM1Mi0zLjIzNiAwLTEuMjk2LS40NS0yLjQwNi0xLjM1Mi0zLjMyOS0uOS0uOTIzLTEuOTgzLTEuMzg1LTMuMjQ4LTEuMzg1LTEuMjkzIDAtMi40LjQ2Mi0zLjMyIDEuMzg1LS45Mi45MjMtMS4zOCAyLjAzMy0xLjM4IDMuMzMgMCAxLjI1Ny40NiAyLjMzNSAxLjM4IDMuMjM1LjkyLjkgMi4wMjcgMS4zNSAzLjMyIDEuMzVabTAtMjguN2MxLjI2NSAwIDIuMzQ4LS40NiAzLjI0OC0xLjM4QzQyLjU1IDEyIDQzIDEwLjg5MiA0MyA5LjZjMC0xLjI2NS0uNDUtMi4zNDgtMS4zNTItMy4yNDhDNDAuNzQ4IDUuNDUgMzkuNjY2IDUgMzguNCA1Yy0xLjI5MyAwLTIuNC40NS0zLjMyIDEuMzUxLS45Mi45MDEtMS4zOCAxLjk4NC0xLjM4IDMuMjQ5IDAgMS4yOTMuNDYgMi40IDEuMzggMy4zMi45Mi45MiAyLjAyNyAxLjM4IDMuMzIgMS4zOFoiLz48L2c+PC9zdmc+\" alt=\"\" style=\"object-fit:cover\"\/><\/figure>\n\n\n\n<h3 class=\"wp-block-heading has-text-align-center\" style=\"margin-top:24px;font-size:clamp(14px, 0.875rem + ((1vw - 3.2px) * 0.625), 20px);line-height:1.5\">Insikter i digitala tvillingars kraft<\/h3>\n\n\n\n<p class=\"has-text-align-center has-small-font-size\" style=\"margin-top:8px\">Uppt\u00e4ck hur digitala tvillingar kan f\u00f6rb\u00e4ttra processer och skapa v\u00e4rde genom realistiska och skalbara digitala modeller.<\/p>\n<\/div>\n<\/div>\n\n\n\n<div class=\"wp-block-buttons is-content-justification-center is-layout-flex wp-container-core-buttons-is-layout-f1909aef wp-block-buttons-is-layout-flex\">\n<div class=\"wp-block-button\"><a class=\"wp-block-button__link wp-element-button\" href=\"https:\/\/www.digitalarkitektur.se\/resurser\">L\u00e4s vidare<\/a><\/div>\n<\/div>\n<\/div>\n","protected":false},"excerpt":{"rendered":"<p>Utforska m\u00f6jligheterna med digital arkitektur Digital Arkitektur erbjuder en djupg\u00e5ende insikt i digital arkitektur och digitala tvillingar, med fokus p\u00e5 hur dessa teknologier skapar v\u00e4rde och effektivitet genom en strukturerad informationsarkitektur. Uppt\u00e4ck innovativa l\u00f6sningar och verkliga f\u00f6rdelar H\u00e4r presenterar vi k\u00e4rnan i digital arkitektur och dess unika v\u00e4rde f\u00f6r din verksamhet. Digital arkitektur skapar nya [&hellip;]<\/p>\n","protected":false},"author":2,"featured_media":0,"parent":29,"menu_order":0,"comment_status":"closed","ping_status":"closed","template":"page-with-title","meta":{"om_disable_all_campaigns":false,"_monsterinsights_skip_tracking":false,"_monsterinsights_sitenote_active":false,"_monsterinsights_sitenote_note":"","_monsterinsights_sitenote_category":0,"footnotes":""},"class_list":["post-28","page","type-page","status-publish","hentry"],"aioseo_notices":[],"aioseo_head":"\n\t\t<!-- All in One SEO Pro 4.9.6.2 - aioseo.com -->\n\t<meta name=\"description\" content=\"Utforska hur digital arkitektur och digitala tvillingar kan ge ditt f\u00f6retag konkurrensf\u00f6rdelar genom innovativa strukturer och smart dataintegration.\" \/>\n\t<meta name=\"robots\" content=\"max-image-preview:large\" \/>\n\t<link rel=\"canonical\" href=\"https:\/\/digitalarkitektur.se\/sv\/start\/om\/\" \/>\n\t<meta name=\"generator\" content=\"All in One SEO Pro (AIOSEO) 4.9.6.2\" \/>\n\t\t<meta property=\"og:locale\" content=\"sv_SE\" \/>\n\t\t<meta property=\"og:site_name\" content=\"Digital Arkitektur - Vi designar din digitala verklighet\" \/>\n\t\t<meta property=\"og:type\" content=\"article\" \/>\n\t\t<meta property=\"og:title\" content=\"Om Digital Arkitektur\" \/>\n\t\t<meta property=\"og:description\" content=\"Utforska hur digital arkitektur och digitala tvillingar kan ge ditt f\u00f6retag konkurrensf\u00f6rdelar genom innovativa strukturer och smart dataintegration.\" \/>\n\t\t<meta property=\"og:url\" content=\"https:\/\/digitalarkitektur.se\/sv\/start\/om\/\" \/>\n\t\t<meta property=\"article:published_time\" content=\"2025-08-17T10:42:50+00:00\" \/>\n\t\t<meta property=\"article:modified_time\" content=\"2025-10-24T00:43:34+00:00\" \/>\n\t\t<meta name=\"twitter:card\" content=\"summary_large_image\" \/>\n\t\t<meta name=\"twitter:title\" content=\"Om Digital Arkitektur\" \/>\n\t\t<meta name=\"twitter:description\" content=\"Utforska hur digital arkitektur och digitala tvillingar kan ge ditt f\u00f6retag konkurrensf\u00f6rdelar genom innovativa strukturer och smart dataintegration.\" \/>\n\t\t<script type=\"application\/ld+json\" class=\"aioseo-schema\">\n\t\t\t{\"@context\":\"https:\\\/\\\/schema.org\",\"@graph\":[{\"@type\":\"BreadcrumbList\",\"@id\":\"https:\\\/\\\/digitalarkitektur.se\\\/sv\\\/start\\\/om\\\/#breadcrumblist\",\"itemListElement\":[{\"@type\":\"ListItem\",\"@id\":\"https:\\\/\\\/digitalarkitektur.se\\\/sv#listItem\",\"position\":1,\"name\":\"Home\",\"item\":\"https:\\\/\\\/digitalarkitektur.se\\\/sv\",\"nextItem\":{\"@type\":\"ListItem\",\"@id\":\"https:\\\/\\\/digitalarkitektur.se\\\/sv\\\/start\\\/om\\\/#listItem\",\"name\":\"Om\"}},{\"@type\":\"ListItem\",\"@id\":\"https:\\\/\\\/digitalarkitektur.se\\\/sv\\\/start\\\/om\\\/#listItem\",\"position\":2,\"name\":\"Om\",\"previousItem\":{\"@type\":\"ListItem\",\"@id\":\"https:\\\/\\\/digitalarkitektur.se\\\/sv#listItem\",\"name\":\"Home\"}}]},{\"@type\":\"Organization\",\"@id\":\"https:\\\/\\\/digitalarkitektur.se\\\/sv\\\/#organization\",\"name\":\"Digital Arkitektur\",\"description\":\"Vi designar din digitala verklighet\",\"url\":\"https:\\\/\\\/digitalarkitektur.se\\\/sv\\\/\",\"email\":\"info@digitalarkitektur.se\",\"telephone\":\"+46859252200\",\"address\":{\"@id\":\"https:\\\/\\\/digitalarkitektur.se\\\/sv\\\/#postaladdress\",\"@type\":\"PostalAddress\",\"streetAddress\":\"V\\u00e4stra J\\u00e4rnv\\u00e4gsgatan 3, 9tr,\",\"postalCode\":\"11164\",\"addressLocality\":\"Stockholm\",\"addressCountry\":\"SE\"}},{\"@type\":\"WebPage\",\"@id\":\"https:\\\/\\\/digitalarkitektur.se\\\/sv\\\/start\\\/om\\\/#webpage\",\"url\":\"https:\\\/\\\/digitalarkitektur.se\\\/sv\\\/start\\\/om\\\/\",\"name\":\"Om Digital Arkitektur\",\"description\":\"Utforska hur digital arkitektur och digitala tvillingar kan ge ditt f\\u00f6retag konkurrensf\\u00f6rdelar genom innovativa strukturer och smart dataintegration.\",\"inLanguage\":\"sv-SE\",\"isPartOf\":{\"@id\":\"https:\\\/\\\/digitalarkitektur.se\\\/sv\\\/#website\"},\"breadcrumb\":{\"@id\":\"https:\\\/\\\/digitalarkitektur.se\\\/sv\\\/start\\\/om\\\/#breadcrumblist\"},\"datePublished\":\"2025-08-17T12:42:50+02:00\",\"dateModified\":\"2025-10-24T02:43:34+02:00\"},{\"@type\":\"WebSite\",\"@id\":\"https:\\\/\\\/digitalarkitektur.se\\\/sv\\\/#website\",\"url\":\"https:\\\/\\\/digitalarkitektur.se\\\/sv\\\/\",\"name\":\"Digital Arkitektur\",\"description\":\"Vi designar din digitala verklighet\",\"inLanguage\":\"sv-SE\",\"publisher\":{\"@id\":\"https:\\\/\\\/digitalarkitektur.se\\\/sv\\\/#organization\"}}]}\n\t\t<\/script>\n\t\t<!-- All in One SEO Pro -->\r\n\t\t<title>Om Digital Arkitektur<\/title>\n\n","aioseo_head_json":{"title":"Om Digital Arkitektur","description":"Utforska hur digital arkitektur och digitala tvillingar kan ge ditt f\u00f6retag konkurrensf\u00f6rdelar genom innovativa strukturer och smart dataintegration.","canonical_url":"https:\/\/digitalarkitektur.se\/sv\/start\/om\/","robots":"max-image-preview:large","keywords":"","webmasterTools":{"miscellaneous":""},"schema":{"@context":"https:\/\/schema.org","@graph":[{"@type":"BreadcrumbList","@id":"https:\/\/digitalarkitektur.se\/sv\/start\/om\/#breadcrumblist","itemListElement":[{"@type":"ListItem","@id":"https:\/\/digitalarkitektur.se\/sv#listItem","position":1,"name":"Home","item":"https:\/\/digitalarkitektur.se\/sv","nextItem":{"@type":"ListItem","@id":"https:\/\/digitalarkitektur.se\/sv\/start\/om\/#listItem","name":"Om"}},{"@type":"ListItem","@id":"https:\/\/digitalarkitektur.se\/sv\/start\/om\/#listItem","position":2,"name":"Om","previousItem":{"@type":"ListItem","@id":"https:\/\/digitalarkitektur.se\/sv#listItem","name":"Home"}}]},{"@type":"Organization","@id":"https:\/\/digitalarkitektur.se\/sv\/#organization","name":"Digital Arkitektur","description":"Vi designar din digitala verklighet","url":"https:\/\/digitalarkitektur.se\/sv\/","email":"info@digitalarkitektur.se","telephone":"+46859252200","address":{"@id":"https:\/\/digitalarkitektur.se\/sv\/#postaladdress","@type":"PostalAddress","streetAddress":"V\u00e4stra J\u00e4rnv\u00e4gsgatan 3, 9tr,","postalCode":"11164","addressLocality":"Stockholm","addressCountry":"SE"}},{"@type":"WebPage","@id":"https:\/\/digitalarkitektur.se\/sv\/start\/om\/#webpage","url":"https:\/\/digitalarkitektur.se\/sv\/start\/om\/","name":"Om Digital Arkitektur","description":"Utforska hur digital arkitektur och digitala tvillingar kan ge ditt f\u00f6retag konkurrensf\u00f6rdelar genom innovativa strukturer och smart dataintegration.","inLanguage":"sv-SE","isPartOf":{"@id":"https:\/\/digitalarkitektur.se\/sv\/#website"},"breadcrumb":{"@id":"https:\/\/digitalarkitektur.se\/sv\/start\/om\/#breadcrumblist"},"datePublished":"2025-08-17T12:42:50+02:00","dateModified":"2025-10-24T02:43:34+02:00"},{"@type":"WebSite","@id":"https:\/\/digitalarkitektur.se\/sv\/#website","url":"https:\/\/digitalarkitektur.se\/sv\/","name":"Digital Arkitektur","description":"Vi designar din digitala verklighet","inLanguage":"sv-SE","publisher":{"@id":"https:\/\/digitalarkitektur.se\/sv\/#organization"}}]},"og:locale":"sv_SE","og:site_name":"Digital Arkitektur - Vi designar din digitala verklighet","og:type":"article","og:title":"Om Digital Arkitektur","og:description":"Utforska hur digital arkitektur och digitala tvillingar kan ge ditt f\u00f6retag konkurrensf\u00f6rdelar genom innovativa strukturer och smart dataintegration.","og:url":"https:\/\/digitalarkitektur.se\/sv\/start\/om\/","article:published_time":"2025-08-17T10:42:50+00:00","article:modified_time":"2025-10-24T00:43:34+00:00","twitter:card":"summary_large_image","twitter:title":"Om Digital Arkitektur","twitter:description":"Utforska hur digital arkitektur och digitala tvillingar kan ge ditt f\u00f6retag konkurrensf\u00f6rdelar genom innovativa strukturer och smart dataintegration."},"aioseo_meta_data":{"post_id":"28","title":"Om Digital Arkitektur","description":"Utforska hur digital arkitektur och digitala tvillingar kan ge ditt f\u00f6retag konkurrensf\u00f6rdelar genom innovativa strukturer och smart dataintegration.","keywords":null,"keyphrases":{"focus":{"keyphrase":"","score":0,"analysis":{"keyphraseInTitle":{"score":0,"maxScore":9,"error":1}}},"additional":[]},"primary_term":null,"canonical_url":null,"og_title":null,"og_description":null,"og_object_type":"default","og_image_type":"default","og_image_url":null,"og_image_width":null,"og_image_height":null,"og_image_custom_url":null,"og_image_custom_fields":null,"og_video":"","og_custom_url":null,"og_article_section":null,"og_article_tags":null,"twitter_use_og":false,"twitter_card":"default","twitter_image_type":"default","twitter_image_url":null,"twitter_image_custom_url":null,"twitter_image_custom_fields":null,"twitter_title":null,"twitter_description":null,"schema":{"blockGraphs":[],"customGraphs":[],"default":{"data":{"Article":[],"Course":[],"Dataset":[],"FAQPage":[],"Movie":[],"Person":[],"Product":[],"ProductReview":[],"Car":[],"Recipe":[],"Service":[],"SoftwareApplication":[],"WebPage":[]},"graphName":"WebPage","isEnabled":true},"graphs":[]},"schema_type":"default","schema_type_options":null,"pillar_content":false,"robots_default":true,"robots_noindex":false,"robots_noarchive":false,"robots_nosnippet":false,"robots_nofollow":false,"robots_noimageindex":false,"robots_noodp":false,"robots_notranslate":false,"robots_max_snippet":"-1","robots_max_videopreview":"-1","robots_max_imagepreview":"large","priority":null,"frequency":"default","local_seo":null,"seo_analyzer_scan_date":"2025-10-24 00:44:38","breadcrumb_settings":null,"limit_modified_date":false,"reviewed_by":"0","open_ai":null,"ai":{"faqs":[],"keyPoints":[],"titles":[],"descriptions":["Utforska hur digital arkitektur och digitala tvillingar kan ge ditt f\u00f6retag konkurrensf\u00f6rdelar genom innovativa strukturer och smart dataintegration.","L\u00e4r dig hur digital arkitektur f\u00f6rnyar verksamheter genom effektiva informationsstrukturer och digitala tvillingar som f\u00f6rb\u00e4ttrar processer och beslutsfattande.","Uppt\u00e4ck potentialen i digitala tvillingar och strategisk informationsarkitektur f\u00f6r att st\u00e4rka din f\u00f6retagsamhet och framtidss\u00e4kra din verksamhet.","F\u00f6rb\u00e4ttra arbetsfl\u00f6den och \u00f6ka effektiviteten med digital arkitektur och digitala tvillingar - nycklar till \u00f6kad konkurrenskraft och tillv\u00e4xt.","Denna artikel visar hur digitala l\u00f6sningar och strategier inom digital arkitektur skapar v\u00e4rde och m\u00f6jligheter f\u00f6r framg\u00e5ngsrika f\u00f6retag."],"socialPosts":{"email":[],"linkedin":[],"twitter":[],"facebook":[],"instagram":[]}},"created":"2025-08-17 10:46:19","updated":"2025-10-24 02:14:15"},"aioseo_breadcrumb":"<div class=\"aioseo-breadcrumbs\"><span class=\"aioseo-breadcrumb\">\n\t<a href=\"https:\/\/digitalarkitektur.se\/sv\" title=\"Home\">Home<\/a>\n<\/span><span class=\"aioseo-breadcrumb-separator\">&raquo;<\/span><span class=\"aioseo-breadcrumb\">\n\tOm\n<\/span><\/div>","aioseo_breadcrumb_json":[{"label":"Home","link":"https:\/\/digitalarkitektur.se\/sv"},{"label":"Om","link":"https:\/\/digitalarkitektur.se\/sv\/start\/om\/"}],"_links":{"self":[{"href":"https:\/\/digitalarkitektur.se\/sv\/wp-json\/wp\/v2\/pages\/28","targetHints":{"allow":["GET"]}}],"collection":[{"href":"https:\/\/digitalarkitektur.se\/sv\/wp-json\/wp\/v2\/pages"}],"about":[{"href":"https:\/\/digitalarkitektur.se\/sv\/wp-json\/wp\/v2\/types\/page"}],"author":[{"embeddable":true,"href":"https:\/\/digitalarkitektur.se\/sv\/wp-json\/wp\/v2\/users\/2"}],"replies":[{"embeddable":true,"href":"https:\/\/digitalarkitektur.se\/sv\/wp-json\/wp\/v2\/comments?post=28"}],"version-history":[{"count":5,"href":"https:\/\/digitalarkitektur.se\/sv\/wp-json\/wp\/v2\/pages\/28\/revisions"}],"predecessor-version":[{"id":193,"href":"https:\/\/digitalarkitektur.se\/sv\/wp-json\/wp\/v2\/pages\/28\/revisions\/193"}],"up":[{"embeddable":true,"href":"https:\/\/digitalarkitektur.se\/sv\/wp-json\/wp\/v2\/pages\/29"}],"wp:attachment":[{"href":"https:\/\/digitalarkitektur.se\/sv\/wp-json\/wp\/v2\/media?parent=28"}],"curies":[{"name":"wp","href":"https:\/\/api.w.org\/{rel}","templated":true}]}}